{"id":161,"date":"2021-09-08T12:09:20","date_gmt":"2021-09-08T12:09:20","guid":{"rendered":"http:\/\/2021.angels-berlin.com\/?page_id=161"},"modified":"2024-02-19T10:00:20","modified_gmt":"2024-02-19T10:00:20","slug":"impressum","status":"publish","type":"page","link":"https:\/\/angels-berlin.com\/de\/impressum\/","title":{"rendered":"Impressum"},"content":{"rendered":"<!--themify_builder_content-->\n<div id=\"themify_builder_content-161\" data-postid=\"161\" class=\"themify_builder_content themify_builder_content-161 themify_builder tf_clear\">\n                    <div  data-lazy=\"1\" class=\"module_row themify_builder_row tb_9j4k228 tb_first tf_w\">\n                        <div class=\"row_inner col_align_top tb_col_count_1 tf_box tf_rel\">\n                        <div  data-lazy=\"1\" class=\"module_column tb-column col-full tb_3plf229 first\">\n                    <!-- module text -->\n<div  class=\"module module-text tb_npyz649   \" data-lazy=\"1\">\n        <div  class=\"tb_text_wrap\">\n        <h1>Impressum<\/h1>\n<p><span class=\"m-font-size-14\">Angaben gem\u00e4\u00df \u00a7 5 TMG: <br \/><\/span><span class=\"m-font-size-14\"><br \/>Narumon Reynolds <\/span><\/p>\n<p>Angels <br \/>Sch\u00f6nhauser Allee 5 <br \/>10119 Berlin<\/p>\n<p>\u00a0<\/p>\n<p><strong>Kontakt:<br \/><\/strong>Telefon:+49 (0) 30 92 14 76 23 <br \/>E-Mail: info@angels-berlin.com<\/p>\n<p>\u00a0<\/p>\n<p>Umsatzsteuer-ID: DE282194651<br \/>Umsatzsteuer-Identifikationsnummer gem\u00e4\u00df \u00a727 a <br \/>Umsatzsteuergesetz Aufsichtsbeh\u00f6rde: Landratsamt Berlin<\/p>\n<p>\u00a0<\/p>\n<p><strong>EU-Streitschlichtung:<\/strong><\/p>\n<p>Die Europ\u00e4ische Kommission stellt eine Plattform zur Online-Streitbeilegung (OS) bereit: <a href=\"https:\/\/ec.europa.eu\/consumers\/odr\/\" target=\"_blank\" rel=\"noopener\">https:\/\/ec.europa.eu\/consumers\/odr\/<\/a>. Unsere E-Mail-Adresse finden Sie oben im Impressum.<\/p>\n<p><strong>Verbraucher\u00adstreit\u00adbeilegung\/Universal\u00adschlichtungs\u00adstelle:<\/strong><\/p>\n<p>Wir sind nicht bereit oder verpflichtet, an Streitbeilegungsverfahren vor einer Verbraucherschlichtungsstelle teilzunehmen.<\/p>\n<p>\u00a0<\/p>\n<p><strong><span class=\"m-font-size-14\">Haftungsausschluss: Haftung f\u00fcr Inhalte<\/span><\/strong><\/p>\n<p>\u00a0<\/p>\n<p><span class=\"m-font-size-14\">Die Inhalte unserer Seiten wurden mit gr\u00f6\u00dfter Sorgfalt erstellt. F\u00fcr die Richtigkeit, Vollst\u00e4ndigkeit und Aktualit\u00e4t der Inhalte k\u00f6nnen wir jedoch keine Gew\u00e4hr \u00fcbernehmen. Als Diensteanbieter sind wir gem\u00e4\u00df \u00a7 7 Abs.1 TMG f\u00fcr eigene Inhalte auf diesen Seiten nach den allgemeinen Gesetzen verantwortlich. Nach \u00a7\u00a7 8 bis 10 TMG sind wir als Diensteanbieter jedoch nicht verpflichtet, \u00fcbermittelte oder gespeicherte fremde Informationen zu \u00fcberwachen oder nach Umst\u00e4nden zu forschen, die auf eine rechtswidrige T\u00e4tigkeit hinweisen. Verpflichtungen zur Entfernung oder Sperrung der Nutzung von Informationen nach den allgemeinen Gesetzen bleiben hiervon unber\u00fchrt. Eine diesbez\u00fcgliche Haftung ist jedoch erst ab dem Zeitpunkt der Kenntnis einer konkreten Rechtsverletzung m\u00f6glich. Bei Bekanntwerden von entsprechenden Rechtsverletzungen werden wir diese Inhalte umgehend entfernen.<\/span><\/p>\n<p>\u00a0<\/p>\n<p><strong><span class=\"m-font-size-14\">Haftung f\u00fcr Links<br \/><\/span><\/strong><strong><span class=\"m-font-size-14\"><br \/><\/span><\/strong><span class=\"m-font-size-14\">Unser Angebot enth\u00e4lt Links zu externen Webseiten Dritter, auf deren Inhalte wir keinen Einfluss haben. Deshalb k\u00f6nnen wir f\u00fcr diese fremden Inhalte auch keine Gew\u00e4hr \u00fcbernehmen. F\u00fcr die Inhalte der verlinkten Seiten ist stets der jeweilige Anbieter oder Betreiber der Seiten verantwortlich. Die verlinkten Seiten wurden zum Zeitpunkt der Verlinkung auf m\u00f6gliche Rechtsverst\u00f6\u00dfe \u00fcberpr\u00fcft. Rechtswidrige Inhalte waren zum Zeitpunkt der Verlinkung nicht erkennbar. Eine permanente inhaltliche Kontrolle der verlinkten Seiten ist jedoch ohne konkrete Anhaltspunkte einer Rechtsverletzung nicht zumutbar. Bei Bekanntwerden von Rechtsverletzungen werden wir derartige Links umgehend entfernen.<\/span><\/p>\n<p>\u00a0<\/p>\n<p><strong><span class=\"m-font-size-14\">Urheberrecht<br \/><\/span><\/strong><strong><span class=\"m-font-size-14\"><br \/><\/span><\/strong>Die durch die Seitenbetreiber erstellten Inhalte und Werke auf diesen Seiten unterliegen dem deutschen Urheberrecht. Die Vervielf\u00e4ltigung, Bearbeitung, Verbreitung und jede Art der Verwertung au\u00dferhalb der Grenzen des Urheberrechtes bed\u00fcrfen der schriftlichen Zustimmung des jeweiligen Autors bzw. Erstellers. Downloads und Kopien dieser Seite sind nur f\u00fcr den privaten, nicht kommerziellen Gebrauch gestattet. Soweit die Inhalte auf dieser Seite nicht vom Betreiber erstellt wurden, werden die Urheberrechte Dritter beachtet. Insbesondere werden Inhalte Dritter als solche gekennzeichnet. Sollten Sie trotzdem auf eine Urheberrechtsverletzung aufmerksam werden, bitten wir um einen entsprechenden Hinweis. Bei Bekanntwerden von Rechtsverletzungen werden wir derartige Inhalte umgehend entfernen.<\/p>    <\/div>\n<\/div>\n<!-- \/module text -->        <\/div>\n                        <\/div>\n        <\/div>\n        <\/div>\n<!--\/themify_builder_content-->","protected":false},"excerpt":{"rendered":"<p>Impressum Angaben gem\u00e4\u00df \u00a7 5 TMG: Narumon Reynolds Angels Sch\u00f6nhauser Allee 5 10119 Berlin \u00a0 Kontakt:Telefon:+49 (0) 30 92 14 76 23 E-Mail: info@angels-berlin.com \u00a0 Umsatzsteuer-ID: DE282194651Umsatzsteuer-Identifikationsnummer gem\u00e4\u00df \u00a727 a Umsatzsteuergesetz Aufsichtsbeh\u00f6rde: Landratsamt Berlin \u00a0 EU-Streitschlichtung: Die Europ\u00e4ische Kommission stellt eine Plattform zur Online-Streitbeilegung (OS) bereit: https:\/\/ec.europa.eu\/consumers\/odr\/. Unsere E-Mail-Adresse finden Sie oben im Impressum. Verbraucher\u00adstreit\u00adbeilegung\/Universal\u00adschlichtungs\u00adstelle: [&hellip;]<\/p>\n","protected":false},"author":1,"featured_media":0,"parent":0,"menu_order":0,"comment_status":"closed","ping_status":"closed","template":"","meta":{"_acf_changed":false,"footnotes":""},"class_list":["post-161","page","type-page","status-publish","hentry","has-post-title","has-post-date","has-post-category","has-post-tag","has-post-comment","has-post-author",""],"acf":[],"yoast_head":"<!-- This site is optimized with the Yoast SEO plugin v24.9 - https:\/\/yoast.com\/wordpress\/plugins\/seo\/ -->\n<title>Impressum - Angels<\/title>\n<meta name=\"robots\" content=\"noindex, nofollow\" \/>\n<meta property=\"og:locale\" content=\"de_DE\" \/>\n<meta property=\"og:type\" content=\"article\" \/>\n<meta property=\"og:title\" content=\"Impressum - Angels\" \/>\n<meta property=\"og:description\" content=\"Impressum Angaben gem\u00e4\u00df \u00a7 5 TMG: Narumon Reynolds Angels Sch\u00f6nhauser Allee 5 10119 Berlin \u00a0 Kontakt:Telefon:+49 (0) 30 92 14 76 23 E-Mail: info@angels-berlin.com \u00a0 Umsatzsteuer-ID: DE282194651Umsatzsteuer-Identifikationsnummer gem\u00e4\u00df \u00a727 a Umsatzsteuergesetz Aufsichtsbeh\u00f6rde: Landratsamt Berlin \u00a0 EU-Streitschlichtung: Die Europ\u00e4ische Kommission stellt eine Plattform zur Online-Streitbeilegung (OS) bereit: https:\/\/ec.europa.eu\/consumers\/odr\/. Unsere E-Mail-Adresse finden Sie oben im Impressum. Verbraucher\u00adstreit\u00adbeilegung\/Universal\u00adschlichtungs\u00adstelle: [&hellip;]\" \/>\n<meta property=\"og:url\" content=\"https:\/\/angels-berlin.com\/de\/impressum\/\" \/>\n<meta property=\"og:site_name\" content=\"Angels\" \/>\n<meta property=\"article:modified_time\" content=\"2024-02-19T10:00:20+00:00\" \/>\n<meta name=\"twitter:card\" content=\"summary_large_image\" \/>\n<script type=\"application\/ld+json\" class=\"yoast-schema-graph\">{\"@context\":\"https:\/\/schema.org\",\"@graph\":[{\"@type\":\"WebPage\",\"@id\":\"https:\/\/angels-berlin.com\/impressum\/\",\"url\":\"https:\/\/angels-berlin.com\/impressum\/\",\"name\":\"Impressum - Angels\",\"isPartOf\":{\"@id\":\"http:\/\/angels-berlin.com\/de\/#website\"},\"datePublished\":\"2021-09-08T12:09:20+00:00\",\"dateModified\":\"2024-02-19T10:00:20+00:00\",\"breadcrumb\":{\"@id\":\"https:\/\/angels-berlin.com\/impressum\/#breadcrumb\"},\"inLanguage\":\"de\",\"potentialAction\":[{\"@type\":\"ReadAction\",\"target\":[\"https:\/\/angels-berlin.com\/impressum\/\"]}]},{\"@type\":\"BreadcrumbList\",\"@id\":\"https:\/\/angels-berlin.com\/impressum\/#breadcrumb\",\"itemListElement\":[{\"@type\":\"ListItem\",\"position\":1,\"name\":\"Startseite\",\"item\":\"https:\/\/angels-berlin.com\/\"},{\"@type\":\"ListItem\",\"position\":2,\"name\":\"Impressum\"}]},{\"@type\":\"WebSite\",\"@id\":\"http:\/\/angels-berlin.com\/de\/#website\",\"url\":\"http:\/\/angels-berlin.com\/de\/\",\"name\":\"Angels\",\"description\":\"\",\"potentialAction\":[{\"@type\":\"SearchAction\",\"target\":{\"@type\":\"EntryPoint\",\"urlTemplate\":\"http:\/\/angels-berlin.com\/de\/?s={search_term_string}\"},\"query-input\":{\"@type\":\"PropertyValueSpecification\",\"valueRequired\":true,\"valueName\":\"search_term_string\"}}],\"inLanguage\":\"de\"}]}<\/script>\n<!-- \/ Yoast SEO plugin. -->","yoast_head_json":{"title":"Impressum - Angels","robots":{"index":"noindex","follow":"nofollow"},"og_locale":"de_DE","og_type":"article","og_title":"Impressum - Angels","og_description":"Impressum Angaben gem\u00e4\u00df \u00a7 5 TMG: Narumon Reynolds Angels Sch\u00f6nhauser Allee 5 10119 Berlin \u00a0 Kontakt:Telefon:+49 (0) 30 92 14 76 23 E-Mail: info@angels-berlin.com \u00a0 Umsatzsteuer-ID: DE282194651Umsatzsteuer-Identifikationsnummer gem\u00e4\u00df \u00a727 a Umsatzsteuergesetz Aufsichtsbeh\u00f6rde: Landratsamt Berlin \u00a0 EU-Streitschlichtung: Die Europ\u00e4ische Kommission stellt eine Plattform zur Online-Streitbeilegung (OS) bereit: https:\/\/ec.europa.eu\/consumers\/odr\/. Unsere E-Mail-Adresse finden Sie oben im Impressum. Verbraucher\u00adstreit\u00adbeilegung\/Universal\u00adschlichtungs\u00adstelle: [&hellip;]","og_url":"https:\/\/angels-berlin.com\/de\/impressum\/","og_site_name":"Angels","article_modified_time":"2024-02-19T10:00:20+00:00","twitter_card":"summary_large_image","schema":{"@context":"https:\/\/schema.org","@graph":[{"@type":"WebPage","@id":"https:\/\/angels-berlin.com\/impressum\/","url":"https:\/\/angels-berlin.com\/impressum\/","name":"Impressum - Angels","isPartOf":{"@id":"http:\/\/angels-berlin.com\/de\/#website"},"datePublished":"2021-09-08T12:09:20+00:00","dateModified":"2024-02-19T10:00:20+00:00","breadcrumb":{"@id":"https:\/\/angels-berlin.com\/impressum\/#breadcrumb"},"inLanguage":"de","potentialAction":[{"@type":"ReadAction","target":["https:\/\/angels-berlin.com\/impressum\/"]}]},{"@type":"BreadcrumbList","@id":"https:\/\/angels-berlin.com\/impressum\/#breadcrumb","itemListElement":[{"@type":"ListItem","position":1,"name":"Startseite","item":"https:\/\/angels-berlin.com\/"},{"@type":"ListItem","position":2,"name":"Impressum"}]},{"@type":"WebSite","@id":"http:\/\/angels-berlin.com\/de\/#website","url":"http:\/\/angels-berlin.com\/de\/","name":"Angels","description":"","potentialAction":[{"@type":"SearchAction","target":{"@type":"EntryPoint","urlTemplate":"http:\/\/angels-berlin.com\/de\/?s={search_term_string}"},"query-input":{"@type":"PropertyValueSpecification","valueRequired":true,"valueName":"search_term_string"}}],"inLanguage":"de"}]}},"builder_content":"<h1>Impressum<\/h1> <p>Angaben gem\u00e4\u00df \u00a7 5 TMG: <br \/><br \/>Narumon Reynolds <\/p> <p>Angels <br \/>Sch\u00f6nhauser Allee 5 <br \/>10119 Berlin<\/p> <p>\u00a0<\/p> <p><strong>Kontakt:<br \/><\/strong>Telefon:+49 (0) 30 92 14 76 23 <br \/>E-Mail: info@angels-berlin.com<\/p> <p>\u00a0<\/p> <p>Umsatzsteuer-ID: DE282194651<br \/>Umsatzsteuer-Identifikationsnummer gem\u00e4\u00df \u00a727 a <br \/>Umsatzsteuergesetz Aufsichtsbeh\u00f6rde: Landratsamt Berlin<\/p> <p>\u00a0<\/p> <p><strong>EU-Streitschlichtung:<\/strong><\/p> <p>Die Europ\u00e4ische Kommission stellt eine Plattform zur Online-Streitbeilegung (OS) bereit: <a href=\"https:\/\/ec.europa.eu\/consumers\/odr\/\" target=\"_blank\" rel=\"noopener\">https:\/\/ec.europa.eu\/consumers\/odr\/<\/a>. Unsere E-Mail-Adresse finden Sie oben im Impressum.<\/p> <p><strong>Verbraucher\u00adstreit\u00adbeilegung\/Universal\u00adschlichtungs\u00adstelle:<\/strong><\/p> <p>Wir sind nicht bereit oder verpflichtet, an Streitbeilegungsverfahren vor einer Verbraucherschlichtungsstelle teilzunehmen.<\/p> <p>\u00a0<\/p> <p><strong>Haftungsausschluss: Haftung f\u00fcr Inhalte<\/strong><\/p> <p>\u00a0<\/p> <p>Die Inhalte unserer Seiten wurden mit gr\u00f6\u00dfter Sorgfalt erstellt. F\u00fcr die Richtigkeit, Vollst\u00e4ndigkeit und Aktualit\u00e4t der Inhalte k\u00f6nnen wir jedoch keine Gew\u00e4hr \u00fcbernehmen. Als Diensteanbieter sind wir gem\u00e4\u00df \u00a7 7 Abs.1 TMG f\u00fcr eigene Inhalte auf diesen Seiten nach den allgemeinen Gesetzen verantwortlich. Nach \u00a7\u00a7 8 bis 10 TMG sind wir als Diensteanbieter jedoch nicht verpflichtet, \u00fcbermittelte oder gespeicherte fremde Informationen zu \u00fcberwachen oder nach Umst\u00e4nden zu forschen, die auf eine rechtswidrige T\u00e4tigkeit hinweisen. Verpflichtungen zur Entfernung oder Sperrung der Nutzung von Informationen nach den allgemeinen Gesetzen bleiben hiervon unber\u00fchrt. Eine diesbez\u00fcgliche Haftung ist jedoch erst ab dem Zeitpunkt der Kenntnis einer konkreten Rechtsverletzung m\u00f6glich. Bei Bekanntwerden von entsprechenden Rechtsverletzungen werden wir diese Inhalte umgehend entfernen.<\/p> <p>\u00a0<\/p> <p><strong>Haftung f\u00fcr Links<br \/><\/strong><strong><br \/><\/strong>Unser Angebot enth\u00e4lt Links zu externen Webseiten Dritter, auf deren Inhalte wir keinen Einfluss haben. Deshalb k\u00f6nnen wir f\u00fcr diese fremden Inhalte auch keine Gew\u00e4hr \u00fcbernehmen. F\u00fcr die Inhalte der verlinkten Seiten ist stets der jeweilige Anbieter oder Betreiber der Seiten verantwortlich. Die verlinkten Seiten wurden zum Zeitpunkt der Verlinkung auf m\u00f6gliche Rechtsverst\u00f6\u00dfe \u00fcberpr\u00fcft. Rechtswidrige Inhalte waren zum Zeitpunkt der Verlinkung nicht erkennbar. Eine permanente inhaltliche Kontrolle der verlinkten Seiten ist jedoch ohne konkrete Anhaltspunkte einer Rechtsverletzung nicht zumutbar. Bei Bekanntwerden von Rechtsverletzungen werden wir derartige Links umgehend entfernen.<\/p> <p>\u00a0<\/p> <p><strong>Urheberrecht<br \/><\/strong><strong><br \/><\/strong>Die durch die Seitenbetreiber erstellten Inhalte und Werke auf diesen Seiten unterliegen dem deutschen Urheberrecht. Die Vervielf\u00e4ltigung, Bearbeitung, Verbreitung und jede Art der Verwertung au\u00dferhalb der Grenzen des Urheberrechtes bed\u00fcrfen der schriftlichen Zustimmung des jeweiligen Autors bzw. Erstellers. Downloads und Kopien dieser Seite sind nur f\u00fcr den privaten, nicht kommerziellen Gebrauch gestattet. Soweit die Inhalte auf dieser Seite nicht vom Betreiber erstellt wurden, werden die Urheberrechte Dritter beachtet. Insbesondere werden Inhalte Dritter als solche gekennzeichnet. Sollten Sie trotzdem auf eine Urheberrechtsverletzung aufmerksam werden, bitten wir um einen entsprechenden Hinweis. Bei Bekanntwerden von Rechtsverletzungen werden wir derartige Inhalte umgehend entfernen.<\/p>","_links":{"self":[{"href":"https:\/\/angels-berlin.com\/de\/wp-json\/wp\/v2\/pages\/161","targetHints":{"allow":["GET"]}}],"collection":[{"href":"https:\/\/angels-berlin.com\/de\/wp-json\/wp\/v2\/pages"}],"about":[{"href":"https:\/\/angels-berlin.com\/de\/wp-json\/wp\/v2\/types\/page"}],"author":[{"embeddable":true,"href":"https:\/\/angels-berlin.com\/de\/wp-json\/wp\/v2\/users\/1"}],"replies":[{"embeddable":true,"href":"https:\/\/angels-berlin.com\/de\/wp-json\/wp\/v2\/comments?post=161"}],"version-history":[{"count":23,"href":"https:\/\/angels-berlin.com\/de\/wp-json\/wp\/v2\/pages\/161\/revisions"}],"predecessor-version":[{"id":25321,"href":"https:\/\/angels-berlin.com\/de\/wp-json\/wp\/v2\/pages\/161\/revisions\/25321"}],"wp:attachment":[{"href":"https:\/\/angels-berlin.com\/de\/wp-json\/wp\/v2\/media?parent=161"}],"curies":[{"name":"wp","href":"https:\/\/api.w.org\/{rel}","templated":true}]}}