{"id":21,"date":"2021-08-25T17:06:11","date_gmt":"2021-08-25T17:06:11","guid":{"rendered":"http:\/\/2021.angels-berlin.com\/shop\/"},"modified":"2023-03-24T21:02:39","modified_gmt":"2023-03-24T21:02:39","slug":"pakete","status":"publish","type":"page","link":"https:\/\/angels-berlin.com\/de\/pakete\/","title":{"rendered":"Shop &#8211; Pakete"},"content":{"rendered":"<!--themify_builder_content-->\n<div id=\"themify_builder_content-21\" data-postid=\"21\" class=\"themify_builder_content themify_builder_content-21 themify_builder tf_clear\">\n                    <div  data-css_id=\"6jrl64\" data-lazy=\"1\" class=\"module_row themify_builder_row fullwidth_row_container tb_6jrl64 tb_first tf_w\">\n                        <div class=\"row_inner col_align_top tb_col_count_1 tf_box tf_rel\">\n                        <div  data-lazy=\"1\" class=\"module_column tb-column col-full tb_jubq65 first\">\n                    <!-- module text -->\n<div  class=\"module module-text tb_mjka267  repeat \" data-lazy=\"1\">\n        <div  class=\"tb_text_wrap\">\n        <h1 style=\"text-align: center;\">Pakete<\/h1>\n<div class=\"grid__description\">\n<div class=\"grid__description-inner\">\n<p style=\"text-align: center;\">Hier findet ihr fertig geschn\u00fcrte Pakete f\u00fcr eure perfekte Party-Nacht.<\/p>\n<\/div>\n<\/div>    <\/div>\n<\/div>\n<!-- \/module text -->        <\/div>\n                        <\/div>\n        <\/div>\n                        <div  data-lazy=\"1\" class=\"module_row themify_builder_row tb_que7477 tf_w\">\n                        <div class=\"row_inner col_align_top tb_col_count_1 tf_box tf_rel\">\n                        <div  data-lazy=\"1\" class=\"module_column tb-column col-full tb_1crc478 first\">\n                    <!-- advanced-products module -->\n<div  class=\"module woocommerce module-advanced-products tb_v2gm837  themify_builder_content-v2gm837\" data-lazy=\"1\">\n\t\t\t<ul class=\"builder-posts-wrap loops-wrapper tbp_posts_wrap products grid3 tf_clear tf_clearfix\" data-lazy=\"1\">\n\t\t\n\t\t\n\t\t\t\t\t\t\t\t\t\t\t\t\t\t\t\t\t\t\t\t\t\t\t<li id=\"post-26\" class=\"post tf_clearfix top-left red has-post-title has-post-date has-post-category has-post-tag has-post-comment has-post-author product type-product post-26 status-publish first instock product_cat-pakete has-post-thumbnail virtual taxable purchasable product-type-simple\">\n\n\t\t\t\t\t\t\t    <div class=\"tbp_advanced_archive_wrap\">\n\t                <div  data-lazy=\"1\" class=\"module_row themify_builder_row tb_40qi42 tf_w\">\n                        <div class=\"row_inner col_align_top tb_col_count_1 tf_box tf_rel\">\n                        <div  data-lazy=\"1\" class=\"module_column tb-column col-full tb_dysu43 first\">\n                    <!-- Product Image module -->\n<div  class=\"module module-product-image tb_bck043   thumb_img_bottom\" data-lazy=\"1\">\n\t<figure class=\"product-image sale-badge-left\">\n\t\t\t\t\t\t\t<a  href=\"https:\/\/angels-berlin.com\/de\/produkt\/thats-my-party\/\">\n\t\t\t\t<img loading=\"lazy\" decoding=\"async\" width=\"600\" height=\"600\" src=\"https:\/\/angels-berlin.com\/wp-content\/uploads\/2022\/01\/MyParty-02.png\" class=\"wp-post-image wp-image-8863\" title=\"MyParty-02\" alt=\"MyParty-02\" srcset=\"https:\/\/angels-berlin.com\/wp-content\/uploads\/2022\/01\/MyParty-02.png 600w, https:\/\/angels-berlin.com\/wp-content\/uploads\/2022\/01\/MyParty-02-300x300.png 300w, https:\/\/angels-berlin.com\/wp-content\/uploads\/2022\/01\/MyParty-02-150x150.png 150w, https:\/\/angels-berlin.com\/wp-content\/uploads\/2022\/01\/MyParty-02-12x12.png 12w, https:\/\/angels-berlin.com\/wp-content\/uploads\/2022\/01\/MyParty-02-100x100.png 100w, https:\/\/angels-berlin.com\/wp-content\/uploads\/2022\/01\/MyParty-02-65x65.png 65w\" sizes=\"auto, (max-width: 600px) 100vw, 600px\" \/>\t\t\t\t\t\t<\/a>\n\t<\/figure>\n<\/div>\n<!-- \/Product Image module -->\n<!-- Product Title module -->\n<div  class=\"module module-product-title tb_sark44 \" data-lazy=\"1\">\n\t<h2 class=\"tbp_title\">\n\t<a  href=\"https:\/\/angels-berlin.com\/de\/produkt\/thats-my-party\/\">\n\t\tThat`s my Party\t\t<\/a>\n<\/h2><\/div>\n<!-- \/Product Title module --><!-- module plain text -->\n<div  class=\"module module-plain-text tb_b3gv7 \" data-lazy=\"1\">\n        <div class=\"tb_text_wrap\">\n    Max. 12 Personen    <\/div>\n<\/div>\n<!-- \/module plain text --><!-- Product Price module -->\n<div  class=\"module module-product-price product-price tb_boun819 \" data-lazy=\"1\">\n\t<p class=\"price\"><span class=\"woocommerce-Price-amount amount\"><bdi>539,00&nbsp;<span class=\"woocommerce-Price-currencySymbol\">&euro;<\/span><\/bdi><\/span><\/p>\n<\/div>\n<!-- \/Product Price module -->\n        <\/div>\n                        <\/div>\n        <\/div>\n            <\/div>\n\n\t\t\t\t\t\t\t<\/li>\n\n\t\t\t\t\t\t\t\t\t\t\t\t\t\t\t\t\t\t\t\t\t\t\t\t\t\t\t\t\t\t<li id=\"post-78\" class=\"post tf_clearfix top-left red has-post-title has-post-date has-post-category has-post-tag has-post-comment has-post-author product type-product post-78 status-publish instock product_cat-pakete has-post-thumbnail virtual taxable purchasable product-type-simple\">\n\n\t\t\t\t\t\t\t    <div class=\"tbp_advanced_archive_wrap\">\n\t                <div  data-lazy=\"1\" class=\"module_row themify_builder_row tb_40qi42 tf_w\">\n                        <div class=\"row_inner col_align_top tb_col_count_1 tf_box tf_rel\">\n                        <div  data-lazy=\"1\" class=\"module_column tb-column col-full tb_dysu43 first\">\n                    <!-- Product Image module -->\n<div  class=\"module module-product-image tb_bck043   thumb_img_bottom\" data-lazy=\"1\">\n\t<figure class=\"product-image sale-badge-left\">\n\t\t\t\t\t\t\t<a  href=\"https:\/\/angels-berlin.com\/de\/produkt\/happy-go-lucky\/\">\n\t\t\t\t<img loading=\"lazy\" decoding=\"async\" width=\"600\" height=\"600\" src=\"https:\/\/angels-berlin.com\/wp-content\/uploads\/2021\/08\/pack-02.png\" class=\"wp-post-image wp-image-265\" title=\"pack-02\" alt=\"pack-02\" srcset=\"https:\/\/angels-berlin.com\/wp-content\/uploads\/2021\/08\/pack-02.png 600w, https:\/\/angels-berlin.com\/wp-content\/uploads\/2021\/08\/pack-02-300x300.png 300w, https:\/\/angels-berlin.com\/wp-content\/uploads\/2021\/08\/pack-02-150x150.png 150w, https:\/\/angels-berlin.com\/wp-content\/uploads\/2021\/08\/pack-02-100x100.png 100w, https:\/\/angels-berlin.com\/wp-content\/uploads\/2021\/08\/pack-02-65x65.png 65w\" sizes=\"auto, (max-width: 600px) 100vw, 600px\" \/>\t\t\t\t\t\t<\/a>\n\t<\/figure>\n<\/div>\n<!-- \/Product Image module -->\n<!-- Product Title module -->\n<div  class=\"module module-product-title tb_sark44 \" data-lazy=\"1\">\n\t<h2 class=\"tbp_title\">\n\t<a  href=\"https:\/\/angels-berlin.com\/de\/produkt\/happy-go-lucky\/\">\n\t\tShowact\t\t<\/a>\n<\/h2><\/div>\n<!-- \/Product Title module --><!-- module plain text -->\n<div  class=\"module module-plain-text tb_b3gv7 \" data-lazy=\"1\">\n        <div class=\"tb_text_wrap\">\n    Max. 5 Personen    <\/div>\n<\/div>\n<!-- \/module plain text --><!-- Product Price module -->\n<div  class=\"module module-product-price product-price tb_boun819 \" data-lazy=\"1\">\n\t<p class=\"price\"><span class=\"woocommerce-Price-amount amount\"><bdi>199,00&nbsp;<span class=\"woocommerce-Price-currencySymbol\">&euro;<\/span><\/bdi><\/span><\/p>\n<\/div>\n<!-- \/Product Price module -->\n        <\/div>\n                        <\/div>\n        <\/div>\n            <\/div>\n\n\t\t\t\t\t\t\t<\/li>\n\n\t\t\t\t\t\t\t\t\t\t\t\t\t\t\t\t\t\t\t\t\t\t\t\t\t\t\t\t\t\t<li id=\"post-79\" class=\"post tf_clearfix top-left red has-post-title has-post-date has-post-category has-post-tag has-post-comment has-post-author product type-product post-79 status-publish instock product_cat-pakete has-post-thumbnail virtual taxable purchasable product-type-simple\">\n\n\t\t\t\t\t\t\t    <div class=\"tbp_advanced_archive_wrap\">\n\t                <div  data-lazy=\"1\" class=\"module_row themify_builder_row tb_40qi42 tf_w\">\n                        <div class=\"row_inner col_align_top tb_col_count_1 tf_box tf_rel\">\n                        <div  data-lazy=\"1\" class=\"module_column tb-column col-full tb_dysu43 first\">\n                    <!-- Product Image module -->\n<div  class=\"module module-product-image tb_bck043   thumb_img_bottom\" data-lazy=\"1\">\n\t<figure class=\"product-image sale-badge-left\">\n\t\t\t\t\t\t\t<a  href=\"https:\/\/angels-berlin.com\/de\/produkt\/show-event\/\">\n\t\t\t\t<img loading=\"lazy\" decoding=\"async\" width=\"600\" height=\"600\" src=\"https:\/\/angels-berlin.com\/wp-content\/uploads\/2021\/08\/pack-01.png\" class=\"wp-post-image wp-image-264\" title=\"pack-01\" alt=\"pack-01\" srcset=\"https:\/\/angels-berlin.com\/wp-content\/uploads\/2021\/08\/pack-01.png 600w, https:\/\/angels-berlin.com\/wp-content\/uploads\/2021\/08\/pack-01-300x300.png 300w, https:\/\/angels-berlin.com\/wp-content\/uploads\/2021\/08\/pack-01-150x150.png 150w, https:\/\/angels-berlin.com\/wp-content\/uploads\/2021\/08\/pack-01-100x100.png 100w, https:\/\/angels-berlin.com\/wp-content\/uploads\/2021\/08\/pack-01-65x65.png 65w, https:\/\/angels-berlin.com\/wp-content\/uploads\/2021\/08\/pack-01-500x500.png 500w\" sizes=\"auto, (max-width: 600px) 100vw, 600px\" \/>\t\t\t\t\t\t<\/a>\n\t<\/figure>\n<\/div>\n<!-- \/Product Image module -->\n<!-- Product Title module -->\n<div  class=\"module module-product-title tb_sark44 \" data-lazy=\"1\">\n\t<h2 class=\"tbp_title\">\n\t<a  href=\"https:\/\/angels-berlin.com\/de\/produkt\/show-event\/\">\n\t\tCarefree Package\t\t<\/a>\n<\/h2><\/div>\n<!-- \/Product Title module --><!-- module plain text -->\n<div  class=\"module module-plain-text tb_b3gv7 \" data-lazy=\"1\">\n        <div class=\"tb_text_wrap\">\n    Max. 5 Personen<p style=\"line-height: 70%\"><FONT SIZE=\"2\">(weitere Personen exklusive)<\/FONT><\/p>    <\/div>\n<\/div>\n<!-- \/module plain text --><!-- Product Price module -->\n<div  class=\"module module-product-price product-price tb_boun819 \" data-lazy=\"1\">\n\t<p class=\"price\"><span class=\"woocommerce-Price-amount amount\"><bdi>495,00&nbsp;<span class=\"woocommerce-Price-currencySymbol\">&euro;<\/span><\/bdi><\/span><\/p>\n<\/div>\n<!-- \/Product Price module -->\n        <\/div>\n                        <\/div>\n        <\/div>\n            <\/div>\n\n\t\t\t\t\t\t\t<\/li>\n\n\t\t\t\t\t\t\t\t\t\t\t\t\t\t\t\t\t\t\t\t\t\t\t\t\t\t\t\t\t\t<li id=\"post-6375\" class=\"post tf_clearfix top-left red has-post-title has-post-date has-post-category has-post-tag has-post-comment has-post-author product type-product post-6375 status-publish instock product_cat-pakete has-post-thumbnail virtual taxable product-type-simple\">\n\n\t\t\t\t\t\t\t    <div class=\"tbp_advanced_archive_wrap\">\n\t                <div  data-lazy=\"1\" class=\"module_row themify_builder_row tb_40qi42 tf_w\">\n                        <div class=\"row_inner col_align_top tb_col_count_1 tf_box tf_rel\">\n                        <div  data-lazy=\"1\" class=\"module_column tb-column col-full tb_dysu43 first\">\n                    <!-- Product Image module -->\n<div  class=\"module module-product-image tb_bck043   thumb_img_bottom\" data-lazy=\"1\">\n\t<figure class=\"product-image sale-badge-left\">\n\t\t\t\t\t\t\t<a  href=\"https:\/\/angels-berlin.com\/de\/produkt\/reservierung\/\">\n\t\t\t\t<img loading=\"lazy\" decoding=\"async\" width=\"600\" height=\"600\" src=\"https:\/\/angels-berlin.com\/wp-content\/uploads\/2021\/11\/reservation-23_2.png\" class=\"wp-post-image wp-image-25119\" title=\"_reservation-23_2\" alt=\"_reservation-23_2\" srcset=\"https:\/\/angels-berlin.com\/wp-content\/uploads\/2021\/11\/reservation-23_2.png 600w, https:\/\/angels-berlin.com\/wp-content\/uploads\/2021\/11\/reservation-23_2-300x300.png 300w, https:\/\/angels-berlin.com\/wp-content\/uploads\/2021\/11\/reservation-23_2-150x150.png 150w, https:\/\/angels-berlin.com\/wp-content\/uploads\/2021\/11\/reservation-23_2-12x12.png 12w, https:\/\/angels-berlin.com\/wp-content\/uploads\/2021\/11\/reservation-23_2-100x100.png 100w, https:\/\/angels-berlin.com\/wp-content\/uploads\/2021\/11\/reservation-23_2-65x65.png 65w\" sizes=\"auto, (max-width: 600px) 100vw, 600px\" \/>\t\t\t\t\t\t<\/a>\n\t<\/figure>\n<\/div>\n<!-- \/Product Image module -->\n<!-- Product Title module -->\n<div  class=\"module module-product-title tb_sark44 \" data-lazy=\"1\">\n\t<h2 class=\"tbp_title\">\n\t<a  href=\"https:\/\/angels-berlin.com\/de\/produkt\/reservierung\/\">\n\t\tReservierung\t\t<\/a>\n<\/h2><\/div>\n<!-- \/Product Title module --><!-- module plain text -->\n<div  class=\"module module-plain-text tb_b3gv7 \" data-lazy=\"1\">\n        <div class=\"tb_text_wrap\">\n        <\/div>\n<\/div>\n<!-- \/module plain text --><!-- Product Price module -->\n<div  class=\"module module-product-price product-price tb_boun819 \" data-lazy=\"1\">\n\t<p class=\"price\"><\/p>\n<\/div>\n<!-- \/Product Price module -->\n        <\/div>\n                        <\/div>\n        <\/div>\n            <\/div>\n\n\t\t\t\t\t\t\t<\/li>\n\n\t\t\t\t\t\t\t\t\t\t\t\n\t\t\t\t\n\t\t<\/ul>\n\t\t\t<!-- \/advanced-products module -->\n<\/div>\n<!-- module text -->\n<div  class=\"module module-text tb_hyri927   \" data-lazy=\"1\">\n        <div  class=\"tb_text_wrap\">\n        <div><span class=\"m-specific lh-1 m-font-size-18\"><span class=\"lh-1 font-size-26 m-font-size-18\"><span class=\"lh-1 font-size-36 m-font-size-18\">Sollte nicht das richtige Paket f\u00fcr euch dabei sein, <\/span><\/span><\/span><span class=\"m-specific lh-1 m-font-size-18\"><span class=\"lh-1 font-size-26 m-font-size-18\">dann meldet euch bei uns und wir stellen euch ein  einzigartiges Party-Paket f\u00fcr die ganze Nacht ganz nach euren W\u00fcnschen zusammen!<\/span><br \/><\/span><\/div>\n<div><span class=\"m-specific lh-1 m-font-size-18\"><br \/><span class=\"font-size-24 lh-1 m-font-size-18\"><span class=\"lh-1 font-size-24 m-font-size-18\">Nach Absprache sind auch Veranstaltungen au\u00dferhalb der regul\u00e4ren \u00d6ffnungszeiten m\u00f6glich.<\/span><\/span><\/span><\/div>    <\/div>\n<\/div>\n<!-- \/module text --><!-- module buttons -->\n<div  class=\"module module-buttons tb_qti5527 buttons-horizontal solid  circle hover-wow wow\" data-tf-animation_hover=\"pulse\" data-tf-animation=\"slideInLeft\" data-lazy=\"1\">\n        <div class=\"module-buttons-item tf_in_flx\">\n                        <a href=\"\/kontakt\/\" class=\"ui builder_button tf_in_flx transparent\" >\n                                                Kontaktaufnahme                                        <\/a>\n                <\/div>\n            <\/div>\n<!-- \/module buttons -->\n<!-- module plain text -->\n<div  class=\"module module-plain-text tb_jvgm926 \" data-lazy=\"1\">\n        <div class=\"tb_text_wrap\">\n        <\/div>\n<\/div>\n<!-- \/module plain text -->        <\/div>\n                        <\/div>\n        <\/div>\n        <\/div>\n<!--\/themify_builder_content--><p><\/p>","protected":false},"excerpt":{"rendered":"","protected":false},"author":1,"featured_media":0,"parent":0,"menu_order":0,"comment_status":"closed","ping_status":"closed","template":"","meta":{"_acf_changed":false,"footnotes":""},"class_list":["post-21","page","type-page","status-publish","hentry","has-post-title","has-post-date","has-post-category","has-post-tag","has-post-comment","has-post-author",""],"acf":[],"yoast_head":"<!-- This site is optimized with the Yoast SEO plugin v24.9 - https:\/\/yoast.com\/wordpress\/plugins\/seo\/ -->\n<title>Shop - Pakete - Angels<\/title>\n<meta name=\"description\" content=\"Hier findet ihr fertig geschn\u00fcrte Pakete f\u00fcr eure perfekte Party-Nacht. (inkl. freiem Eintritt, Angels-Stripdollars, Drinks, Girls &amp; Shows...\" \/>\n<meta name=\"robots\" content=\"index, follow, max-snippet:-1, max-image-preview:large, max-video-preview:-1\" \/>\n<link rel=\"canonical\" href=\"https:\/\/angels-berlin.com\/de\/pakete\/\" \/>\n<meta property=\"og:locale\" content=\"de_DE\" \/>\n<meta property=\"og:type\" content=\"article\" \/>\n<meta property=\"og:title\" content=\"Shop - Pakete - Angels\" \/>\n<meta property=\"og:description\" content=\"Hier findet ihr fertig geschn\u00fcrte Pakete f\u00fcr eure perfekte Party-Nacht. (inkl. freiem Eintritt, Angels-Stripdollars, Drinks, Girls &amp; Shows...\" \/>\n<meta property=\"og:url\" content=\"https:\/\/angels-berlin.com\/de\/pakete\/\" \/>\n<meta property=\"og:site_name\" content=\"Angels\" \/>\n<meta property=\"article:modified_time\" content=\"2023-03-24T21:02:39+00:00\" \/>\n<meta name=\"twitter:card\" content=\"summary_large_image\" \/>\n<script type=\"application\/ld+json\" class=\"yoast-schema-graph\">{\"@context\":\"https:\/\/schema.org\",\"@graph\":[{\"@type\":\"WebPage\",\"@id\":\"https:\/\/angels-berlin.com\/pakete\/\",\"url\":\"https:\/\/angels-berlin.com\/pakete\/\",\"name\":\"Shop - Pakete - Angels\",\"isPartOf\":{\"@id\":\"http:\/\/angels-berlin.com\/de\/#website\"},\"datePublished\":\"2021-08-25T17:06:11+00:00\",\"dateModified\":\"2023-03-24T21:02:39+00:00\",\"description\":\"Hier findet ihr fertig geschn\u00fcrte Pakete f\u00fcr eure perfekte Party-Nacht. (inkl. freiem Eintritt, Angels-Stripdollars, Drinks, Girls & Shows...\",\"breadcrumb\":{\"@id\":\"https:\/\/angels-berlin.com\/pakete\/#breadcrumb\"},\"inLanguage\":\"de\",\"potentialAction\":[{\"@type\":\"ReadAction\",\"target\":[\"https:\/\/angels-berlin.com\/pakete\/\"]}]},{\"@type\":\"BreadcrumbList\",\"@id\":\"https:\/\/angels-berlin.com\/pakete\/#breadcrumb\",\"itemListElement\":[{\"@type\":\"ListItem\",\"position\":1,\"name\":\"Startseite\",\"item\":\"https:\/\/angels-berlin.com\/\"},{\"@type\":\"ListItem\",\"position\":2,\"name\":\"Shop &#8211; Pakete\"}]},{\"@type\":\"WebSite\",\"@id\":\"http:\/\/angels-berlin.com\/de\/#website\",\"url\":\"http:\/\/angels-berlin.com\/de\/\",\"name\":\"Angels\",\"description\":\"\",\"potentialAction\":[{\"@type\":\"SearchAction\",\"target\":{\"@type\":\"EntryPoint\",\"urlTemplate\":\"http:\/\/angels-berlin.com\/de\/?s={search_term_string}\"},\"query-input\":{\"@type\":\"PropertyValueSpecification\",\"valueRequired\":true,\"valueName\":\"search_term_string\"}}],\"inLanguage\":\"de\"}]}<\/script>\n<!-- \/ Yoast SEO plugin. -->","yoast_head_json":{"title":"Shop - Pakete - Angels","description":"Hier findet ihr fertig geschn\u00fcrte Pakete f\u00fcr eure perfekte Party-Nacht. (inkl. freiem Eintritt, Angels-Stripdollars, Drinks, Girls & Shows...","robots":{"index":"index","follow":"follow","max-snippet":"max-snippet:-1","max-image-preview":"max-image-preview:large","max-video-preview":"max-video-preview:-1"},"canonical":"https:\/\/angels-berlin.com\/de\/pakete\/","og_locale":"de_DE","og_type":"article","og_title":"Shop - Pakete - Angels","og_description":"Hier findet ihr fertig geschn\u00fcrte Pakete f\u00fcr eure perfekte Party-Nacht. (inkl. freiem Eintritt, Angels-Stripdollars, Drinks, Girls & Shows...","og_url":"https:\/\/angels-berlin.com\/de\/pakete\/","og_site_name":"Angels","article_modified_time":"2023-03-24T21:02:39+00:00","twitter_card":"summary_large_image","schema":{"@context":"https:\/\/schema.org","@graph":[{"@type":"WebPage","@id":"https:\/\/angels-berlin.com\/pakete\/","url":"https:\/\/angels-berlin.com\/pakete\/","name":"Shop - Pakete - Angels","isPartOf":{"@id":"http:\/\/angels-berlin.com\/de\/#website"},"datePublished":"2021-08-25T17:06:11+00:00","dateModified":"2023-03-24T21:02:39+00:00","description":"Hier findet ihr fertig geschn\u00fcrte Pakete f\u00fcr eure perfekte Party-Nacht. (inkl. freiem Eintritt, Angels-Stripdollars, Drinks, Girls & Shows...","breadcrumb":{"@id":"https:\/\/angels-berlin.com\/pakete\/#breadcrumb"},"inLanguage":"de","potentialAction":[{"@type":"ReadAction","target":["https:\/\/angels-berlin.com\/pakete\/"]}]},{"@type":"BreadcrumbList","@id":"https:\/\/angels-berlin.com\/pakete\/#breadcrumb","itemListElement":[{"@type":"ListItem","position":1,"name":"Startseite","item":"https:\/\/angels-berlin.com\/"},{"@type":"ListItem","position":2,"name":"Shop &#8211; Pakete"}]},{"@type":"WebSite","@id":"http:\/\/angels-berlin.com\/de\/#website","url":"http:\/\/angels-berlin.com\/de\/","name":"Angels","description":"","potentialAction":[{"@type":"SearchAction","target":{"@type":"EntryPoint","urlTemplate":"http:\/\/angels-berlin.com\/de\/?s={search_term_string}"},"query-input":{"@type":"PropertyValueSpecification","valueRequired":true,"valueName":"search_term_string"}}],"inLanguage":"de"}]}},"builder_content":"<h1 style=\"text-align: center;\">Pakete<\/h1>\n<p style=\"text-align: center;\">Hier findet ihr fertig geschn\u00fcrte Pakete f\u00fcr eure perfekte Party-Nacht.<\/p>\nSollte nicht das richtige Paket f\u00fcr euch dabei sein, dann meldet euch bei uns und wir stellen euch ein einzigartiges Party-Paket f\u00fcr die ganze Nacht ganz nach euren W\u00fcnschen zusammen!<br \/> <br \/>Nach Absprache sind auch Veranstaltungen au\u00dferhalb der regul\u00e4ren \u00d6ffnungszeiten m\u00f6glich.\n<a href=\"\/kontakt\/\" > Kontaktaufnahme <\/a>\n[acf field=\"short_descrition\" ]","_links":{"self":[{"href":"https:\/\/angels-berlin.com\/de\/wp-json\/wp\/v2\/pages\/21","targetHints":{"allow":["GET"]}}],"collection":[{"href":"https:\/\/angels-berlin.com\/de\/wp-json\/wp\/v2\/pages"}],"about":[{"href":"https:\/\/angels-berlin.com\/de\/wp-json\/wp\/v2\/types\/page"}],"author":[{"embeddable":true,"href":"https:\/\/angels-berlin.com\/de\/wp-json\/wp\/v2\/users\/1"}],"replies":[{"embeddable":true,"href":"https:\/\/angels-berlin.com\/de\/wp-json\/wp\/v2\/comments?post=21"}],"version-history":[{"count":2,"href":"https:\/\/angels-berlin.com\/de\/wp-json\/wp\/v2\/pages\/21\/revisions"}],"predecessor-version":[{"id":9875,"href":"https:\/\/angels-berlin.com\/de\/wp-json\/wp\/v2\/pages\/21\/revisions\/9875"}],"wp:attachment":[{"href":"https:\/\/angels-berlin.com\/de\/wp-json\/wp\/v2\/media?parent=21"}],"curies":[{"name":"wp","href":"https:\/\/api.w.org\/{rel}","templated":true}]}}