{"id":2654,"date":"2021-09-30T19:19:26","date_gmt":"2021-09-30T19:19:26","guid":{"rendered":"http:\/\/2021.angels-berlin.com\/?page_id=2654"},"modified":"2022-02-02T17:24:53","modified_gmt":"2022-02-02T17:24:53","slug":"unser-club","status":"publish","type":"page","link":"https:\/\/angels-berlin.com\/de\/unser-club\/","title":{"rendered":"Unser Club"},"content":{"rendered":"<!--themify_builder_content-->\n<div id=\"themify_builder_content-2654\" data-postid=\"2654\" class=\"themify_builder_content themify_builder_content-2654 themify_builder tf_clear\">\n                    <div  data-lazy=\"1\" class=\"module_row themify_builder_row tb_ku3v662 tb_first tf_w\">\n                        <div class=\"row_inner col_align_top tb_col_count_1 tf_box tf_rel\">\n                        <div  data-lazy=\"1\" class=\"module_column tb-column col-full tb_yhvx663 first\">\n                    <!-- module text -->\n<div  class=\"module module-text tb_bn6l665  repeat \" data-lazy=\"1\">\n        <div  class=\"tb_text_wrap\">\n        <h1 id=\"1735931146\" class=\"u_1735931146 dmNewParagraph\" style=\"text-align: center;\" data-element-type=\"paragraph\" data-uialign=\"center\"><span class=\"m-font-size-36 lh-1 font-size-60\"><span class=\"m-font-size-36 lh-1\"><span class=\"m-font-size-36 lh-1 font-size-50\">Unser Club<\/span><\/span><\/span><\/h1>\n<div id=\"1896492338\" class=\"dmNewParagraph u_1896492338\" data-dmtmpl=\"true\" data-element-type=\"paragraph\" data-uialign=\"center\">\n<div style=\"text-align: center;\"><span class=\"m-specific m-font-size-22 lh-1\">Wir \u00f6ffnen t\u00e4glich ab 22 Uhr f\u00fcr euch die T\u00fcren.<br \/><\/span><\/div>\n<div style=\"text-align: center;\"><span class=\"m-specific m-font-size-22 lh-1\">Ihr findet uns nur wenige Gehminuten entfernt vom Alexanderplatz,<\/span><\/div>\n<div style=\"text-align: center;\"><span class=\"m-specific m-font-size-22 lh-1\">in der Sch\u00f6nhauser Allee 5 in 10119 Berlin.<\/span><\/div>\n<div style=\"text-align: center;\"><span class=\"m-specific m-font-size-22 lh-1\"> <\/span><\/div>\n<div style=\"text-align: center;\"><span class=\"m-specific m-font-size-22 lh-1\"><b>ca.<\/b> 5 Minuten fu\u00dfl\u00e4ufig vom Alexanderplatz<\/span><\/div>\n<div style=\"text-align: center;\"><span class=\"m-specific m-font-size-22 lh-1\"><b>ca.<\/b> 50 m an der Station U2 Rosa-Luxemburg-Platz<\/span><\/div>\n<div style=\"text-align: center;\"><span class=\"m-specific m-font-size-22 lh-1\"><b>ca.<\/b> 50 m an der Station Tram M2 und M8 Haltestelle Rosa-Luxemburg-Platz.<\/span> <\/div>\n<\/div>    <\/div>\n<\/div>\n<!-- \/module text -->        <\/div>\n                        <\/div>\n        <\/div>\n                        <div  data-lazy=\"1\" class=\"module_row themify_builder_row tb_c41j662 tf_w\">\n                        <div class=\"row_inner col_align_top tb_col_count_1 tf_box tf_rel\">\n                        <div  data-lazy=\"1\" class=\"module_column tb-column col-full tb_eekr666 first\">\n                    <!-- module plain text -->\n<div  class=\"module module-plain-text tb_aodb666 screenie\" data-lazy=\"1\">\n        <div class=\"tb_text_wrap\">\n    <div class=\"video169\">\n<video class=\"gang\" poster=\"\/wp-content\/uploads\/2021\/11\/gang-2.png\">\n   <source src=\"\/wp-content\/uploads\/2021\/12\/Gang-007-av1.mp4\"async type=\"video\/mp4; codecs=av01.0.05M.08\">\n   <source src=\"\/wp-content\/uploads\/2021\/12\/Gang-007-vp9.webm\" async type=\"video\/webm; codecs=vp9\">\n   <source src=\"\/wp-content\/uploads\/2021\/12\/Gang-007-hvc1.mp4\" async type=\"video\/mp4; codecs=hvc1\">\n   <source src=\"\/wp-content\/uploads\/2021\/12\/Gang-007.mp4\" async type=\"video\/mp4\">\n<\/video>\n<\/div>    <\/div>\n<\/div>\n<!-- \/module plain text -->        <\/div>\n                        <\/div>\n        <\/div>\n                        <div  data-lax-translate-y=\"(vh*1) 0,(vh*0) -180\" data-lax=\"true\" data-lazy=\"1\" class=\"module_row themify_builder_row tb_kuyj662 tf_w\">\n                        <div class=\"row_inner col_align_top tb_col_count_1 tf_box tf_rel\">\n                        <div  data-lazy=\"1\" class=\"module_column tb-column col-full tb_569w669 first\">\n                    <!-- module plain text -->\n<div  class=\"module module-plain-text tb_55vc669 screenie wow\" data-tf-animation=\"fadeInUpBig\" data-lazy=\"1\">\n        <div class=\"tb_text_wrap\">\n    <div class=\"square_video\">\n<video class=\"tanz\" poster=\"\/wp-content\/uploads\/2021\/11\/Tanz-3c.png\">\n   <source src=\"\/wp-content\/uploads\/2021\/12\/Tanz-11-av1.mp4\" async type=\"video\/mp4; codecs=av01.0.05M.08\">\n   <source src=\"\/wp-content\/uploads\/2021\/12\/Tanz-11-vb9.webm\" async type=\"video\/webm; codecs=vp9\">\n   <source src=\"\/wp-content\/uploads\/2021\/12\/Tanz-11-hvc1.mp4\" async type=\"video\/mp4; codecs=hvc1\">\n   <source src=\"\/wp-content\/uploads\/2021\/12\/Tanz-11.mp4\" async type=\"video\/mp4\">\n   Your browser does not support HTML5 video.\n<\/video>\n<\/div>    <\/div>\n<\/div>\n<!-- \/module plain text -->        <\/div>\n                        <\/div>\n        <\/div>\n                        <div  data-lax-translate-y=\"(vh*1) 0,(vh*0) -180\" data-lax=\"true\" data-lazy=\"1\" class=\"module_row themify_builder_row screenie tb_ma5e662 tf_w\">\n                        <div class=\"row_inner col_align_top tb_col_count_2 tf_box tf_rel\">\n                        <div  data-lazy=\"1\" class=\"module_column tb-column col2-1 tb_v8qg671 bild_1 first\">\n                    <!-- module image -->\n<div  class=\"module module-image tb_7vn2671 image-top  screenie tf_mw wow\" data-tf-animation=\"fadeInRightBig\" data-lazy=\"1\">\n        <div class=\"image-wrap tf_rel tf_mw\">\n            <img decoding=\"async\" src=\"\/wp-content\/uploads\/2021\/11\/AngelsClub-10-trans.png\" title=\"Unser Club\" alt=\"Unser Club\">    \n        <\/div>\n    <!-- \/image-wrap -->\n    \n        <\/div>\n<!-- \/module image -->        <\/div>\n                    <div  data-lazy=\"1\" class=\"module_column tb-column col2-1 tb_417z672 bild_2 last\">\n                    <!-- module image -->\n<div  class=\"module module-image tb_cru2672 image-top  screenie tf_mw wow\" data-tf-animation=\"fadeInLeftBig\" data-lazy=\"1\">\n        <div class=\"image-wrap tf_rel tf_mw\">\n            <img decoding=\"async\" src=\"\/wp-content\/uploads\/2021\/11\/AngelsClub-09-trans.png\" title=\"Unser Club\" alt=\"Unser Club\">    \n        <\/div>\n    <!-- \/image-wrap -->\n    \n        <\/div>\n<!-- \/module image -->        <\/div>\n                        <\/div>\n        <\/div>\n                        <div  data-lazy=\"1\" class=\"module_row themify_builder_row screenie tb_m0rq662 tf_w\">\n                        <div class=\"row_inner col_auto_height gutter-none direction_rtl col_align_bottom tb_col_count_2 tf_box tf_rel\">\n                        <div  data-lazy=\"1\" class=\"module_column tb-column col4-2 tb_ym0f674 bild_2 first\">\n                    <!-- module image -->\n<div  class=\"module module-image tb_4cdb674 image-top  screenie tf_mw wow\" data-tf-animation=\"fadeInRightBig\" data-lazy=\"1\" data-lax-translate-y=\"(vh*1) 0,(vh*0) -180\" data-lax=\"true\">\n        <div class=\"image-wrap tf_rel tf_mw\">\n            <img decoding=\"async\" src=\"\/wp-content\/uploads\/2021\/11\/AngelsClub-03-trans.png\" width=\"500\" title=\"Unser Club\" alt=\"Unser Club\">    \n        <\/div>\n    <!-- \/image-wrap -->\n    \n        <\/div>\n<!-- \/module image -->        <\/div>\n                    <div  data-lazy=\"1\" class=\"module_column tb-column col4-2 tb_38dz674 bild_1 last\">\n                    <!-- module image -->\n<div  class=\"module module-image tb_khqi674 image-top  screenie tf_mw wow\" data-tf-animation=\"fadeInLeftBig\" data-lazy=\"1\" data-lax-translate-y=\"(vh*1) 0,(vh*0) -180\" data-lax=\"true\">\n        <div class=\"image-wrap tf_rel tf_mw\">\n            <img decoding=\"async\" src=\"\/wp-content\/uploads\/2021\/11\/AngelsClub-02-trans.png\" width=\"500\" title=\"Unser Club\" alt=\"Unser Club\">    \n        <\/div>\n    <!-- \/image-wrap -->\n    \n        <\/div>\n<!-- \/module image -->        <\/div>\n                        <\/div>\n        <\/div>\n                        <div  data-lazy=\"1\" class=\"module_row themify_builder_row screenie tb_y4og662 tf_w\">\n                        <div class=\"row_inner col_auto_height gutter-none direction_rtl col_align_bottom tb_col_count_2 tf_box tf_rel\">\n                        <div  data-lazy=\"1\" class=\"module_column tb-column col4-2 tb_vxp1675 bild_2 first\">\n                    <!-- module image -->\n<div  class=\"module module-image tb_gg3g676 image-top  screenie tf_mw wow\" data-tf-animation=\"fadeInRightBig\" data-lazy=\"1\" data-lax-translate-y=\"(vh*1) 0,(vh*0) -250\" data-lax=\"true\">\n        <div class=\"image-wrap tf_rel tf_mw\">\n            <img decoding=\"async\" src=\"\/wp-content\/uploads\/2021\/11\/AngelsClub-04-trans.png\" width=\"500\" title=\"Unser Club\" alt=\"Unser Club\">    \n        <\/div>\n    <!-- \/image-wrap -->\n    \n        <\/div>\n<!-- \/module image -->        <\/div>\n                    <div  data-lazy=\"1\" class=\"module_column tb-column col4-2 tb_vgv3675 bild_1 last\">\n                    <!-- module image -->\n<div  class=\"module module-image tb_25mv675 image-top  screenie tf_mw wow\" data-tf-animation=\"fadeInLeftBig\" data-lazy=\"1\" data-lax-translate-y=\"(vh*1) 0,(vh*0) -250\" data-lax=\"true\">\n        <div class=\"image-wrap tf_rel tf_mw\">\n            <img decoding=\"async\" src=\"\/wp-content\/uploads\/2021\/11\/AngelsClub-01-trans.png\" width=\"500\" title=\"Unser Club\" alt=\"Unser Club\">    \n        <\/div>\n    <!-- \/image-wrap -->\n    \n        <\/div>\n<!-- \/module image -->        <\/div>\n                        <\/div>\n        <\/div>\n                        <div  data-lazy=\"1\" class=\"module_row themify_builder_row screenie tb_8wtn662 tf_w\">\n                        <div class=\"row_inner col_auto_height gutter-none direction_rtl col_align_bottom tb_col_count_2 tf_box tf_rel\">\n                        <div  data-lazy=\"1\" class=\"module_column tb-column col4-2 tb_z592677 bild_1 first\">\n                    <!-- module image -->\n<div  class=\"module module-image tb_1ru3677 image-top  screenie tf_mw wow\" data-tf-animation=\"fadeInRightBig\" data-lazy=\"1\" data-lax-translate-y=\"(vh*1) 0,(vh*0) -180\" data-lax=\"true\">\n        <div class=\"image-wrap tf_rel tf_mw\">\n            <img decoding=\"async\" src=\"\/wp-content\/uploads\/2021\/11\/AngelsClub-11-trans.png\" width=\"500\" title=\"Unser Club\" alt=\"Unser Club\">    \n        <\/div>\n    <!-- \/image-wrap -->\n    \n        <\/div>\n<!-- \/module image -->        <\/div>\n                    <div  data-lazy=\"1\" class=\"module_column tb-column col4-2 tb_927w676 bild_2 last\">\n                    <!-- module image -->\n<div  class=\"module module-image tb_50vy676 image-top  screenie tf_mw wow\" data-tf-animation=\"fadeInLeftBig\" data-lazy=\"1\" data-lax-translate-y=\"(vh*1) 0,(vh*0) -250\" data-lax=\"true\">\n        <div class=\"image-wrap tf_rel tf_mw\">\n            <img decoding=\"async\" src=\"\/wp-content\/uploads\/2021\/11\/AngelsClub-05-trans.png\" title=\"Unser Club\" alt=\"Unser Club\">    \n        <\/div>\n    <!-- \/image-wrap -->\n    \n        <\/div>\n<!-- \/module image -->        <\/div>\n                        <\/div>\n        <\/div>\n                        <div  data-lazy=\"1\" class=\"module_row themify_builder_row tb_e901662 tf_w\">\n                        <div class=\"row_inner col_align_top tb_col_count_1 tf_box tf_rel\">\n                        <div  data-lazy=\"1\" class=\"module_column tb-column col-full tb_kzw7677 first\">\n                    <!-- module video -->\n<div  class=\"module module-video tb_b3kg677 video-top   wow\" data-tf-animation=\"fadeInUpBig\" data-lazy=\"1\" data-lax-translate-y=\"(vh*1) 0,(vh*0) -250\" data-lax=\"true\">\n            <h3 class=\"module-title\">Candyman Berlin<\/h3>        <div class=\"video-wrap-outer\">\n            <div class=\"video-wrap tf_rel tf_overflow\">\n                                    <noscript><iframe data-no-script src=\"https:\/\/www.youtube.com\/embed\/Z2AeclmPCZg?pip=1&playsinline=1\" allow=\"accelerometer;encrypted-media;gyroscope;picture-in-picture;fullscreen\" class=\"tf_abs tf_w tf_h\"><\/iframe><\/noscript>\n                                <\/div>\n            <!-- \/video-wrap -->\n        <\/div>\n        <!-- \/video-wrap-outer -->\n            <\/div>\n        <\/div>\n                        <\/div>\n        <\/div>\n        <\/div>\n<!--\/themify_builder_content--><p><\/p>","protected":false},"excerpt":{"rendered":"","protected":false},"author":1,"featured_media":0,"parent":0,"menu_order":0,"comment_status":"closed","ping_status":"closed","template":"","meta":{"_acf_changed":false,"footnotes":""},"class_list":["post-2654","page","type-page","status-publish","hentry","has-post-title","has-post-date","has-post-category","has-post-tag","has-post-comment","has-post-author",""],"acf":[],"yoast_head":"<!-- This site is optimized with the Yoast SEO plugin v24.9 - https:\/\/yoast.com\/wordpress\/plugins\/seo\/ -->\n<title>Unser Club - Angels<\/title>\n<meta name=\"description\" content=\"Herzlich Willkommen im sch\u00f6nsten und zentralsten Stripclub Berlins. Schaut euch an, wie ihr bei uns feiern k\u00f6nnt.\" \/>\n<meta name=\"robots\" content=\"index, follow, max-snippet:-1, max-image-preview:large, max-video-preview:-1\" \/>\n<link rel=\"canonical\" href=\"https:\/\/angels-berlin.com\/de\/unser-club\/\" \/>\n<meta property=\"og:locale\" content=\"de_DE\" \/>\n<meta property=\"og:type\" content=\"article\" \/>\n<meta property=\"og:title\" content=\"Unser Club - Angels\" \/>\n<meta property=\"og:description\" content=\"Herzlich Willkommen im sch\u00f6nsten und zentralsten Stripclub Berlins. Schaut euch an, wie ihr bei uns feiern k\u00f6nnt.\" \/>\n<meta property=\"og:url\" content=\"https:\/\/angels-berlin.com\/de\/unser-club\/\" \/>\n<meta property=\"og:site_name\" content=\"Angels\" \/>\n<meta property=\"article:modified_time\" content=\"2022-02-02T17:24:53+00:00\" \/>\n<meta name=\"twitter:card\" content=\"summary_large_image\" \/>\n<script type=\"application\/ld+json\" class=\"yoast-schema-graph\">{\"@context\":\"https:\/\/schema.org\",\"@graph\":[{\"@type\":\"WebPage\",\"@id\":\"https:\/\/angels-berlin.com\/unser-club\/\",\"url\":\"https:\/\/angels-berlin.com\/unser-club\/\",\"name\":\"Unser Club - Angels\",\"isPartOf\":{\"@id\":\"http:\/\/angels-berlin.com\/de\/#website\"},\"datePublished\":\"2021-09-30T19:19:26+00:00\",\"dateModified\":\"2022-02-02T17:24:53+00:00\",\"description\":\"Herzlich Willkommen im sch\u00f6nsten und zentralsten Stripclub Berlins. Schaut euch an, wie ihr bei uns feiern k\u00f6nnt.\",\"breadcrumb\":{\"@id\":\"https:\/\/angels-berlin.com\/unser-club\/#breadcrumb\"},\"inLanguage\":\"de\",\"potentialAction\":[{\"@type\":\"ReadAction\",\"target\":[\"https:\/\/angels-berlin.com\/unser-club\/\"]}]},{\"@type\":\"BreadcrumbList\",\"@id\":\"https:\/\/angels-berlin.com\/unser-club\/#breadcrumb\",\"itemListElement\":[{\"@type\":\"ListItem\",\"position\":1,\"name\":\"Startseite\",\"item\":\"https:\/\/angels-berlin.com\/\"},{\"@type\":\"ListItem\",\"position\":2,\"name\":\"Unser Club\"}]},{\"@type\":\"WebSite\",\"@id\":\"http:\/\/angels-berlin.com\/de\/#website\",\"url\":\"http:\/\/angels-berlin.com\/de\/\",\"name\":\"Angels\",\"description\":\"\",\"potentialAction\":[{\"@type\":\"SearchAction\",\"target\":{\"@type\":\"EntryPoint\",\"urlTemplate\":\"http:\/\/angels-berlin.com\/de\/?s={search_term_string}\"},\"query-input\":{\"@type\":\"PropertyValueSpecification\",\"valueRequired\":true,\"valueName\":\"search_term_string\"}}],\"inLanguage\":\"de\"}]}<\/script>\n<!-- \/ Yoast SEO plugin. -->","yoast_head_json":{"title":"Unser Club - Angels","description":"Herzlich Willkommen im sch\u00f6nsten und zentralsten Stripclub Berlins. Schaut euch an, wie ihr bei uns feiern k\u00f6nnt.","robots":{"index":"index","follow":"follow","max-snippet":"max-snippet:-1","max-image-preview":"max-image-preview:large","max-video-preview":"max-video-preview:-1"},"canonical":"https:\/\/angels-berlin.com\/de\/unser-club\/","og_locale":"de_DE","og_type":"article","og_title":"Unser Club - Angels","og_description":"Herzlich Willkommen im sch\u00f6nsten und zentralsten Stripclub Berlins. Schaut euch an, wie ihr bei uns feiern k\u00f6nnt.","og_url":"https:\/\/angels-berlin.com\/de\/unser-club\/","og_site_name":"Angels","article_modified_time":"2022-02-02T17:24:53+00:00","twitter_card":"summary_large_image","schema":{"@context":"https:\/\/schema.org","@graph":[{"@type":"WebPage","@id":"https:\/\/angels-berlin.com\/unser-club\/","url":"https:\/\/angels-berlin.com\/unser-club\/","name":"Unser Club - Angels","isPartOf":{"@id":"http:\/\/angels-berlin.com\/de\/#website"},"datePublished":"2021-09-30T19:19:26+00:00","dateModified":"2022-02-02T17:24:53+00:00","description":"Herzlich Willkommen im sch\u00f6nsten und zentralsten Stripclub Berlins. Schaut euch an, wie ihr bei uns feiern k\u00f6nnt.","breadcrumb":{"@id":"https:\/\/angels-berlin.com\/unser-club\/#breadcrumb"},"inLanguage":"de","potentialAction":[{"@type":"ReadAction","target":["https:\/\/angels-berlin.com\/unser-club\/"]}]},{"@type":"BreadcrumbList","@id":"https:\/\/angels-berlin.com\/unser-club\/#breadcrumb","itemListElement":[{"@type":"ListItem","position":1,"name":"Startseite","item":"https:\/\/angels-berlin.com\/"},{"@type":"ListItem","position":2,"name":"Unser Club"}]},{"@type":"WebSite","@id":"http:\/\/angels-berlin.com\/de\/#website","url":"http:\/\/angels-berlin.com\/de\/","name":"Angels","description":"","potentialAction":[{"@type":"SearchAction","target":{"@type":"EntryPoint","urlTemplate":"http:\/\/angels-berlin.com\/de\/?s={search_term_string}"},"query-input":{"@type":"PropertyValueSpecification","valueRequired":true,"valueName":"search_term_string"}}],"inLanguage":"de"}]}},"builder_content":"<h1 id=\"1735931146\" style=\"text-align: center;\" data-element-type=\"paragraph\" data-uialign=\"center\">Unser Club<\/h1>\nWir \u00f6ffnen t\u00e4glich ab 22 Uhr f\u00fcr euch die T\u00fcren.<br \/> Ihr findet uns nur wenige Gehminuten entfernt vom Alexanderplatz, in der Sch\u00f6nhauser Allee 5 in 10119 Berlin. <b>ca.<\/b> 5 Minuten fu\u00dfl\u00e4ufig vom Alexanderplatz <b>ca.<\/b> 50 m an der Station U2 Rosa-Luxemburg-Platz <b>ca.<\/b> 50 m an der Station Tram M2 und M8 Haltestelle Rosa-Luxemburg-Platz.\n<video poster=\"\/wp-content\/uploads\/2021\/11\/gang-2.png\"> <source src=\"\/wp-content\/uploads\/2021\/12\/Gang-007-av1.mp4\"async type=\"video\/mp4; codecs=av01.0.05M.08\"> <source src=\"\/wp-content\/uploads\/2021\/12\/Gang-007-vp9.webm\" async type=\"video\/webm; codecs=vp9\"> <source src=\"\/wp-content\/uploads\/2021\/12\/Gang-007-hvc1.mp4\" async type=\"video\/mp4; codecs=hvc1\"> <source src=\"\/wp-content\/uploads\/2021\/12\/Gang-007.mp4\" async type=\"video\/mp4\"> <\/video>\n<video poster=\"\/wp-content\/uploads\/2021\/11\/Tanz-3c.png\"> <source src=\"\/wp-content\/uploads\/2021\/12\/Tanz-11-av1.mp4\" async type=\"video\/mp4; codecs=av01.0.05M.08\"> <source src=\"\/wp-content\/uploads\/2021\/12\/Tanz-11-vb9.webm\" async type=\"video\/webm; codecs=vp9\"> <source src=\"\/wp-content\/uploads\/2021\/12\/Tanz-11-hvc1.mp4\" async type=\"video\/mp4; codecs=hvc1\"> <source src=\"\/wp-content\/uploads\/2021\/12\/Tanz-11.mp4\" async type=\"video\/mp4\"> Your browser does not support HTML5 video. <\/video>\n<img src=\"\/wp-content\/uploads\/2021\/11\/AngelsClub-10-trans.png\" title=\"Unser Club\" alt=\"Unser Club\">\n<img src=\"\/wp-content\/uploads\/2021\/11\/AngelsClub-09-trans.png\" title=\"Unser Club\" alt=\"Unser Club\">\n<img src=\"\/wp-content\/uploads\/2021\/11\/AngelsClub-02-trans.png\" width=\"500\" title=\"Unser Club\" alt=\"Unser Club\">\n<img src=\"\/wp-content\/uploads\/2021\/11\/AngelsClub-03-trans.png\" width=\"500\" title=\"Unser Club\" alt=\"Unser Club\">\n<img src=\"\/wp-content\/uploads\/2021\/11\/AngelsClub-01-trans.png\" width=\"500\" title=\"Unser Club\" alt=\"Unser Club\">\n<img src=\"\/wp-content\/uploads\/2021\/11\/AngelsClub-04-trans.png\" width=\"500\" title=\"Unser Club\" alt=\"Unser Club\">\n<img src=\"\/wp-content\/uploads\/2021\/11\/AngelsClub-05-trans.png\" title=\"Unser Club\" alt=\"Unser Club\">\n<img src=\"\/wp-content\/uploads\/2021\/11\/AngelsClub-11-trans.png\" width=\"500\" title=\"Unser Club\" alt=\"Unser Club\">\n[embed]https:\/\/www.youtube.com\/watch?v=Z2AeclmPCZg[\/embed]","_links":{"self":[{"href":"https:\/\/angels-berlin.com\/de\/wp-json\/wp\/v2\/pages\/2654","targetHints":{"allow":["GET"]}}],"collection":[{"href":"https:\/\/angels-berlin.com\/de\/wp-json\/wp\/v2\/pages"}],"about":[{"href":"https:\/\/angels-berlin.com\/de\/wp-json\/wp\/v2\/types\/page"}],"author":[{"embeddable":true,"href":"https:\/\/angels-berlin.com\/de\/wp-json\/wp\/v2\/users\/1"}],"replies":[{"embeddable":true,"href":"https:\/\/angels-berlin.com\/de\/wp-json\/wp\/v2\/comments?post=2654"}],"version-history":[{"count":13,"href":"https:\/\/angels-berlin.com\/de\/wp-json\/wp\/v2\/pages\/2654\/revisions"}],"predecessor-version":[{"id":9878,"href":"https:\/\/angels-berlin.com\/de\/wp-json\/wp\/v2\/pages\/2654\/revisions\/9878"}],"wp:attachment":[{"href":"https:\/\/angels-berlin.com\/de\/wp-json\/wp\/v2\/media?parent=2654"}],"curies":[{"name":"wp","href":"https:\/\/api.w.org\/{rel}","templated":true}]}}