{"id":26,"date":"2021-08-25T17:48:52","date_gmt":"2021-08-25T17:48:52","guid":{"rendered":"http:\/\/2021.angels-berlin.com\/?post_type=product&#038;p=26"},"modified":"2023-08-30T16:56:29","modified_gmt":"2023-08-30T16:56:29","slug":"thats-my-party","status":"publish","type":"product","link":"https:\/\/angels-berlin.com\/de\/produkt\/thats-my-party\/","title":{"rendered":"That`s my Party"},"content":{"rendered":"<div class=\"product-details-module__content\">\n<div id=\"productDescription\" class=\"product-details__product-description\">\n<div>\n<p>&nbsp;<\/p>\n<\/div>\n<\/div>\n<\/div>\n<!--themify_builder_content-->\n<div id=\"themify_builder_content-26\" data-postid=\"26\" class=\"themify_builder_content themify_builder_content-26 themify_builder tf_clear\">\n    <\/div>\n<!--\/themify_builder_content-->\n","protected":false},"excerpt":{"rendered":"<p>Mit diesem Paket ist die feuchtfr\u00f6hliche Partynacht gesichert! Ihr erhaltet mit bis zu 12 Personen freien Eintritt in den Club und m\u00fcsst nat\u00fcrlich nicht anstehen. Am Eingang empfangen euch unsere Engel mit ausreichend Angels-Stripdollar und begleiten euch zu eurem Platz in der VIP Lounge. Unser Bar Personal versorgt euch dann mit 2 Eisk\u00fcbeln voller leckerer Sachen. Mit im Paket enthalten sind wahlweise entweder 1 Privatstripshow im Privatbereich mit jeweils einem Teilnehmer des Pakets oder eine B\u00fchnenshow mit 2 unserer Engel und einem Freiwilligen aus eurer Gruppe.<br \/>\nDas wird eine berauschende Nacht die garantiert keine W\u00fcnsche offen l\u00e4sst.<\/p>\n<p>&nbsp;<\/p>\n<p><strong>Im Paket beinhaltet:<\/strong><\/p>\n<ul>\n<li>Freier Eintritt f\u00fcr maximal 12 Personen<\/li>\n<li>60 Angels-Stripdollar<\/li>\n<li>2 Flaschen Spirituosen 0,7 L + Softdrinks\n<ul>\n<li>Wahlweise: Vodka Smirnoff, Johnny Walker &#8211; Red Label, Havana Club &#8211; 3 Jahre, Gordon Gin<\/li>\n<li>5 Dosen Red Bull oder zwei Flaschen Cola 1 L, Flaschen Schweppes Tonic, Wasser oder Bitter Lemon<\/li>\n<\/ul>\n<\/li>\n<li>Show mit einem Freiwilligen auf der B\u00fchne mit einem unserer Engel oder 1 Privatedances mit jeweils einem Gast der Gruppe<\/li>\n<li style=\"list-style-type: none;\"><\/li>\n<\/ul>\n<!--\nPlugin Name: Bookly \u2013 Responsive WordPress Appointment Booking and Scheduling Plugin\nPlugin URI: https:\/\/www.booking-wp-plugin.com\/?utm_source=bookly_admin&utm_medium=plugins_page&utm_campaign=plugins_page\nVersion: 24.8-->\n<style type=\"text\/css\">\n    :root {\n        --bookly-main-color: #dd3333 !important;\n        --bookly-color: #dd3333 !important;\n    }\n\n    <\/style><div class=\"bookly-css-root\">\n    <div id=\"bookly-form-69efaadc1b0e6\" class=\"bookly-form\" data-form_id=\"69efaadc1b0e6\" aria-live=\"polite\">\n        <div style=\"text-align: center\"><img decoding=\"async\" src=\"https:\/\/angels-berlin.com\/wp-includes\/js\/tinymce\/skins\/lightgray\/img\/loader.gif\" alt=\"Wird geladen ...\"\/><\/div>\n    <\/div>\n<\/div>\n<script type=\"text\/javascript\">\n    (function (win, fn) {\n        var done = false, top = true,\n            doc = win.document,\n            root = doc.documentElement,\n            modern = doc.addEventListener,\n            add = modern ? 'addEventListener' : 'attachEvent',\n            rem = modern ? 'removeEventListener' : 'detachEvent',\n            pre = modern ? '' : 'on',\n            init = function (e) {\n                if (e.type == 'readystatechange') if (doc.readyState != 'complete') return;\n                (e.type == 'load' ? win : doc)[rem](pre + e.type, init, false);\n                if (!done) {\n                    done = true;\n                    fn.call(win, e.type || e);\n                }\n            },\n            poll = function () {\n                try {\n                    root.doScroll('left');\n                } catch (e) {\n                    setTimeout(poll, 50);\n                    return;\n                }\n                init('poll');\n            };\n        if (doc.readyState == 'complete') fn.call(win, 'lazy');\n        else {\n            if (!modern) if (root.doScroll) {\n                try {\n                    top = !win.frameElement;\n                } catch (e) {\n                }\n                if (top) poll();\n            }\n            doc[add](pre + 'DOMContentLoaded', init, false);\n            doc[add](pre + 'readystatechange', init, false);\n            win[add](pre + 'load', init, false);\n        }\n    })(window, function () {\n        window.bookly( {\"form_id\":\"69efaadc1b0e6\",\"status\":{\"booking\":\"new\"},\"skip_steps\":{\"service_part1\":1,\"service_part2\":1,\"extras\":1,\"time\":0,\"repeat\":1,\"cart\":1},\"errors\":{\"session_error\":\"Session-Fehler.\",\"form_id_error\":\"Formular-ID Fehler.\",\"cart_item_not_available\":\"Zu diesem Termin geht es leider nicht mehr.\",\"pay_locally_not_available\":\"Vor Ort zahlen ist nicht verf\\u00fcgbar.\",\"invalid_gateway\":\"Ung\\u00fcltiger Zugang.\",\"payment_error\":\"Fehler.\",\"incorrect_username_password\":\"Der Benutzername oder das Passwort ist falsch.\"},\"form_attributes\":{\"hide_categories\":true,\"hide_services\":true,\"hide_staff_members\":true,\"show_number_of_persons\":false,\"hide_service_duration\":true,\"hide_locations\":true,\"hide_quantity\":true,\"hide_date\":true,\"hide_week_days\":true,\"hide_time_range\":true,\"const_category_id\":1},\"use_client_time_zone\":0,\"defaults\":{\"service_id\":5,\"staff_id\":1,\"location_id\":0,\"category_id\":1},\"datepicker_mode\":\"text-accent\",\"facebook\":{\"enabled\":0,\"appId\":\"\"}} );\n    });\n<\/script>\n","protected":false},"featured_media":8863,"template":"","meta":{"_acf_changed":false},"product_brand":[],"product_cat":[15],"product_tag":[],"class_list":{"0":"post-26","1":"product","2":"type-product","3":"status-publish","4":"has-post-thumbnail","6":"product_cat-pakete","7":"top-left","8":"red","9":"has-post-title","10":"has-post-date","11":"has-post-category","12":"has-post-tag","13":"has-post-comment","14":"has-post-author","15":"","17":"first","18":"instock","19":"virtual","20":"taxable","21":"purchasable","22":"product-type-simple"},"acf":[],"yoast_head":"<!-- This site is optimized with the Yoast SEO plugin v24.9 - https:\/\/yoast.com\/wordpress\/plugins\/seo\/ -->\n<title>That`s my Party - Angels<\/title>\n<meta name=\"robots\" content=\"index, follow, max-snippet:-1, max-image-preview:large, max-video-preview:-1\" \/>\n<link rel=\"canonical\" href=\"https:\/\/angels-berlin.com\/de\/produkt\/thats-my-party\/\" \/>\n<meta property=\"og:locale\" content=\"de_DE\" \/>\n<meta property=\"og:type\" content=\"article\" \/>\n<meta property=\"og:title\" content=\"That`s my Party - Angels\" \/>\n<meta property=\"og:description\" content=\"Mit diesem Paket ist die feuchtfr\u00f6hliche Partynacht gesichert! Ihr erhaltet mit bis zu 12 Personen freien Eintritt in den Club und m\u00fcsst nat\u00fcrlich nicht anstehen. Am Eingang empfangen euch unsere Engel mit ausreichend Angels-Stripdollar und begleiten euch zu eurem Platz in der VIP Lounge. Unser Bar Personal versorgt euch dann mit 2 Eisk\u00fcbeln voller leckerer Sachen. Mit im Paket enthalten sind wahlweise entweder 1 Privatstripshow im Privatbereich mit jeweils einem Teilnehmer des Pakets oder eine B\u00fchnenshow mit 2 unserer Engel und einem Freiwilligen aus eurer Gruppe. Das wird eine berauschende Nacht die garantiert keine W\u00fcnsche offen l\u00e4sst.  &nbsp;  Im Paket beinhaltet:   Freier Eintritt f\u00fcr maximal 12 Personen  60 Angels-Stripdollar  2 Flaschen Spirituosen 0,7 L + Softdrinks   Wahlweise: Vodka Smirnoff, Johnny Walker - Red Label, Havana Club - 3 Jahre, Gordon Gin  5 Dosen Red Bull oder zwei Flaschen Cola 1 L, Flaschen Schweppes Tonic, Wasser oder Bitter Lemon    Show mit einem Freiwilligen auf der B\u00fchne mit einem unserer Engel oder 1 Privatedances mit jeweils einem Gast der Gruppe\" \/>\n<meta property=\"og:url\" content=\"https:\/\/angels-berlin.com\/de\/produkt\/thats-my-party\/\" \/>\n<meta property=\"og:site_name\" content=\"Angels\" \/>\n<meta property=\"article:modified_time\" content=\"2023-08-30T16:56:29+00:00\" \/>\n<meta property=\"og:image\" content=\"https:\/\/angels-berlin.com\/wp-content\/uploads\/2022\/01\/MyParty-02.png\" \/>\n\t<meta property=\"og:image:width\" content=\"600\" \/>\n\t<meta property=\"og:image:height\" content=\"600\" \/>\n\t<meta property=\"og:image:type\" content=\"image\/png\" \/>\n<meta name=\"twitter:card\" content=\"summary_large_image\" \/>\n<script type=\"application\/ld+json\" class=\"yoast-schema-graph\">{\"@context\":\"https:\/\/schema.org\",\"@graph\":[{\"@type\":\"WebPage\",\"@id\":\"https:\/\/angels-berlin.com\/produkt\/thats-my-party\/\",\"url\":\"https:\/\/angels-berlin.com\/produkt\/thats-my-party\/\",\"name\":\"That`s my Party - Angels\",\"isPartOf\":{\"@id\":\"http:\/\/angels-berlin.com\/de\/#website\"},\"primaryImageOfPage\":{\"@id\":\"https:\/\/angels-berlin.com\/produkt\/thats-my-party\/#primaryimage\"},\"image\":{\"@id\":\"https:\/\/angels-berlin.com\/produkt\/thats-my-party\/#primaryimage\"},\"thumbnailUrl\":\"https:\/\/angels-berlin.com\/wp-content\/uploads\/2022\/01\/MyParty-02.png\",\"datePublished\":\"2021-08-25T17:48:52+00:00\",\"dateModified\":\"2023-08-30T16:56:29+00:00\",\"breadcrumb\":{\"@id\":\"https:\/\/angels-berlin.com\/produkt\/thats-my-party\/#breadcrumb\"},\"inLanguage\":\"de\",\"potentialAction\":[{\"@type\":\"ReadAction\",\"target\":[\"https:\/\/angels-berlin.com\/produkt\/thats-my-party\/\"]}]},{\"@type\":\"ImageObject\",\"inLanguage\":\"de\",\"@id\":\"https:\/\/angels-berlin.com\/produkt\/thats-my-party\/#primaryimage\",\"url\":\"https:\/\/angels-berlin.com\/wp-content\/uploads\/2022\/01\/MyParty-02.png\",\"contentUrl\":\"https:\/\/angels-berlin.com\/wp-content\/uploads\/2022\/01\/MyParty-02.png\",\"width\":600,\"height\":600},{\"@type\":\"BreadcrumbList\",\"@id\":\"https:\/\/angels-berlin.com\/produkt\/thats-my-party\/#breadcrumb\",\"itemListElement\":[{\"@type\":\"ListItem\",\"position\":1,\"name\":\"Startseite\",\"item\":\"https:\/\/angels-berlin.com\/\"},{\"@type\":\"ListItem\",\"position\":2,\"name\":\"Shop-Back\",\"item\":\"https:\/\/angels-berlin.com\/shop-back\/\"},{\"@type\":\"ListItem\",\"position\":3,\"name\":\"That`s my Party\"}]},{\"@type\":\"WebSite\",\"@id\":\"http:\/\/angels-berlin.com\/de\/#website\",\"url\":\"http:\/\/angels-berlin.com\/de\/\",\"name\":\"Angels\",\"description\":\"\",\"potentialAction\":[{\"@type\":\"SearchAction\",\"target\":{\"@type\":\"EntryPoint\",\"urlTemplate\":\"http:\/\/angels-berlin.com\/de\/?s={search_term_string}\"},\"query-input\":{\"@type\":\"PropertyValueSpecification\",\"valueRequired\":true,\"valueName\":\"search_term_string\"}}],\"inLanguage\":\"de\"}]}<\/script>\n<!-- \/ Yoast SEO plugin. -->","yoast_head_json":{"title":"That`s my Party - Angels","robots":{"index":"index","follow":"follow","max-snippet":"max-snippet:-1","max-image-preview":"max-image-preview:large","max-video-preview":"max-video-preview:-1"},"canonical":"https:\/\/angels-berlin.com\/de\/produkt\/thats-my-party\/","og_locale":"de_DE","og_type":"article","og_title":"That`s my Party - Angels","og_description":"Mit diesem Paket ist die feuchtfr\u00f6hliche Partynacht gesichert! Ihr erhaltet mit bis zu 12 Personen freien Eintritt in den Club und m\u00fcsst nat\u00fcrlich nicht anstehen. Am Eingang empfangen euch unsere Engel mit ausreichend Angels-Stripdollar und begleiten euch zu eurem Platz in der VIP Lounge. Unser Bar Personal versorgt euch dann mit 2 Eisk\u00fcbeln voller leckerer Sachen. Mit im Paket enthalten sind wahlweise entweder 1 Privatstripshow im Privatbereich mit jeweils einem Teilnehmer des Pakets oder eine B\u00fchnenshow mit 2 unserer Engel und einem Freiwilligen aus eurer Gruppe. Das wird eine berauschende Nacht die garantiert keine W\u00fcnsche offen l\u00e4sst.  &nbsp;  Im Paket beinhaltet:   Freier Eintritt f\u00fcr maximal 12 Personen  60 Angels-Stripdollar  2 Flaschen Spirituosen 0,7 L + Softdrinks   Wahlweise: Vodka Smirnoff, Johnny Walker - Red Label, Havana Club - 3 Jahre, Gordon Gin  5 Dosen Red Bull oder zwei Flaschen Cola 1 L, Flaschen Schweppes Tonic, Wasser oder Bitter Lemon    Show mit einem Freiwilligen auf der B\u00fchne mit einem unserer Engel oder 1 Privatedances mit jeweils einem Gast der Gruppe","og_url":"https:\/\/angels-berlin.com\/de\/produkt\/thats-my-party\/","og_site_name":"Angels","article_modified_time":"2023-08-30T16:56:29+00:00","og_image":[{"width":600,"height":600,"url":"https:\/\/angels-berlin.com\/wp-content\/uploads\/2022\/01\/MyParty-02.png","type":"image\/png"}],"twitter_card":"summary_large_image","schema":{"@context":"https:\/\/schema.org","@graph":[{"@type":"WebPage","@id":"https:\/\/angels-berlin.com\/produkt\/thats-my-party\/","url":"https:\/\/angels-berlin.com\/produkt\/thats-my-party\/","name":"That`s my Party - Angels","isPartOf":{"@id":"http:\/\/angels-berlin.com\/de\/#website"},"primaryImageOfPage":{"@id":"https:\/\/angels-berlin.com\/produkt\/thats-my-party\/#primaryimage"},"image":{"@id":"https:\/\/angels-berlin.com\/produkt\/thats-my-party\/#primaryimage"},"thumbnailUrl":"https:\/\/angels-berlin.com\/wp-content\/uploads\/2022\/01\/MyParty-02.png","datePublished":"2021-08-25T17:48:52+00:00","dateModified":"2023-08-30T16:56:29+00:00","breadcrumb":{"@id":"https:\/\/angels-berlin.com\/produkt\/thats-my-party\/#breadcrumb"},"inLanguage":"de","potentialAction":[{"@type":"ReadAction","target":["https:\/\/angels-berlin.com\/produkt\/thats-my-party\/"]}]},{"@type":"ImageObject","inLanguage":"de","@id":"https:\/\/angels-berlin.com\/produkt\/thats-my-party\/#primaryimage","url":"https:\/\/angels-berlin.com\/wp-content\/uploads\/2022\/01\/MyParty-02.png","contentUrl":"https:\/\/angels-berlin.com\/wp-content\/uploads\/2022\/01\/MyParty-02.png","width":600,"height":600},{"@type":"BreadcrumbList","@id":"https:\/\/angels-berlin.com\/produkt\/thats-my-party\/#breadcrumb","itemListElement":[{"@type":"ListItem","position":1,"name":"Startseite","item":"https:\/\/angels-berlin.com\/"},{"@type":"ListItem","position":2,"name":"Shop-Back","item":"https:\/\/angels-berlin.com\/shop-back\/"},{"@type":"ListItem","position":3,"name":"That`s my Party"}]},{"@type":"WebSite","@id":"http:\/\/angels-berlin.com\/de\/#website","url":"http:\/\/angels-berlin.com\/de\/","name":"Angels","description":"","potentialAction":[{"@type":"SearchAction","target":{"@type":"EntryPoint","urlTemplate":"http:\/\/angels-berlin.com\/de\/?s={search_term_string}"},"query-input":{"@type":"PropertyValueSpecification","valueRequired":true,"valueName":"search_term_string"}}],"inLanguage":"de"}]}},"builder_content":"","_links":{"self":[{"href":"https:\/\/angels-berlin.com\/de\/wp-json\/wp\/v2\/product\/26","targetHints":{"allow":["GET"]}}],"collection":[{"href":"https:\/\/angels-berlin.com\/de\/wp-json\/wp\/v2\/product"}],"about":[{"href":"https:\/\/angels-berlin.com\/de\/wp-json\/wp\/v2\/types\/product"}],"wp:featuredmedia":[{"embeddable":true,"href":"https:\/\/angels-berlin.com\/de\/wp-json\/wp\/v2\/media\/8863"}],"wp:attachment":[{"href":"https:\/\/angels-berlin.com\/de\/wp-json\/wp\/v2\/media?parent=26"}],"wp:term":[{"taxonomy":"product_brand","embeddable":true,"href":"https:\/\/angels-berlin.com\/de\/wp-json\/wp\/v2\/product_brand?post=26"},{"taxonomy":"product_cat","embeddable":true,"href":"https:\/\/angels-berlin.com\/de\/wp-json\/wp\/v2\/product_cat?post=26"},{"taxonomy":"product_tag","embeddable":true,"href":"https:\/\/angels-berlin.com\/de\/wp-json\/wp\/v2\/product_tag?post=26"}],"curies":[{"name":"wp","href":"https:\/\/api.w.org\/{rel}","templated":true}]}}