{"id":5916,"date":"2021-10-31T20:16:23","date_gmt":"2021-10-31T20:16:23","guid":{"rendered":"http:\/\/2021.angels-berlin.com\/?page_id=5916"},"modified":"2025-03-04T17:49:49","modified_gmt":"2025-03-04T17:49:49","slug":"jobs-im-angels-club","status":"publish","type":"page","link":"https:\/\/angels-berlin.com\/en\/jobs-im-angels-club\/","title":{"rendered":"Jobs"},"content":{"rendered":"<!--themify_builder_content-->\n<div id=\"themify_builder_content-5916\" data-postid=\"5916\" class=\"themify_builder_content themify_builder_content-5916 themify_builder tf_clear\">\n                    <div  data-lazy=\"1\" class=\"module_row themify_builder_row tb_iqqf912 tb_first tf_w\">\n                        <div class=\"row_inner col_align_top tb_col_count_1 tf_box tf_rel\">\n                        <div  data-lazy=\"1\" class=\"module_column tb-column col-full tb_eghl912 first\">\n                    <!-- module text -->\n<div  class=\"module module-text tb_8xh1913\" data-lazy=\"1\">\n        <div  class=\"tb_text_wrap\">\n        <h1 style=\"text-align: center;\">Jobs<\/h1>    <\/div>\n<\/div>\n<!-- \/module text -->        <\/div>\n                        <\/div>\n        <\/div>\n                        <div  data-lazy=\"1\" class=\"module_row themify_builder_row tb_r9mm62 tf_w\">\n                        <div class=\"row_inner col_align_top tb_col_count_2 tf_box tf_rel\">\n                        <div  data-lazy=\"1\" class=\"module_column tb-column tb_nuq962 first\">\n                    <!-- module text -->\n<div  class=\"module module-text tb_enxl657\" data-lazy=\"1\">\n        <div  class=\"tb_text_wrap\">\n        <h2><span class=\"font-size-14 lh-1\"><span class=\"lh-1\">Dancers<\/span><\/span><\/h2>\n<p>Would you like to entertain and welcome our select guests in our new club, in the heart of Berlin? We organize regular castings in our club at Sch\u00f6nhauser Allee 5 in Mitte \/ Prenzlauer Berg at the subway station U2 Rosa Luxemburg Platz.<br \/>\nIt is not necessary that you have experience in this field, what is crucial is a confident, open personality.<br \/>\nOur dancers operate on a self-employed basis, in a tasteful and safe environment, with very well-equipped adjoining rooms.<br \/>\nWe look forward to getting to know you!<br \/>\nContact us either in the contact box or just give us a call.<\/p>\n    <\/div>\n<\/div>\n<!-- \/module text --><!-- module text -->\n<div  class=\"module module-text tb_6hgu631\" data-lazy=\"1\">\n        <div  class=\"tb_text_wrap\">\n        <p>Here you can find our internal <strong><a href=\"http:\/\/messenger.angels-berlin.com\/\">Messenger&#8230;<\/a><\/strong><\/p>\n    <\/div>\n<\/div>\n<!-- \/module text -->        <\/div>\n                    <div  data-lazy=\"1\" class=\"module_column tb-column tb_qxsz63 last\">\n                    <!-- module text -->\n<div  class=\"module module-text tb_p4ry947\" data-lazy=\"1\">\n        <div  class=\"tb_text_wrap\">\n        <noscript class=\"ninja-forms-noscript-message\">\n\tNotice: JavaScript is required for this content.<\/noscript>\n<div id=\"nf-form-2-cont\" class=\"nf-form-cont\" aria-live=\"polite\" aria-labelledby=\"nf-form-title-2\" aria-describedby=\"nf-form-errors-2\" role=\"form\">\n\n    <div class=\"nf-loading-spinner\"><\/div>\n\n<\/div>\n        <!-- That data is being printed as a workaround to page builders reordering the order of the scripts loaded-->\n        <script>var formDisplay=1;var nfForms=nfForms||[];var form=[];form.id='2';form.settings={\"objectType\":\"Form Setting\",\"editActive\":\"1\",\"title\":\"Job Application\",\"created_at\":\"2025-02-10 17:31:00\",\"form_title\":\"Job Application\",\"default_label_pos\":\"above\",\"show_title\":\"0\",\"clear_complete\":\"1\",\"hide_complete\":\"1\",\"logged_in\":\"0\",\"wrapper_class\":\"\",\"element_class\":\"\",\"key\":\"\",\"add_submit\":\"1\",\"currency\":\"\",\"unique_field_error\":\"A form with this value has already been submitted.\",\"not_logged_in_msg\":\"\",\"sub_limit_msg\":\"The form has reached its submission limit.\",\"calculations\":[],\"formContentData\":[\"personal_info_1523911398130\",\"name_1739205095882\",\"email_1523911364558\",\"phone_1523911366932\",\"reference_1739205204808\",\"your_message_optional_1739205282284\",\"work_permit_1739205564509\",\"age_check_1739205602138\",\"privacy_1739205635205\",\"submit_1523911429754\"],\"drawerDisabled\":\"\",\"allow_public_link\":0,\"public_link\":\"https:\\\/\\\/angels-berlin.com\\\/ninja-forms\\\/2pnjf\",\"embed_form\":\"\",\"form_title_heading_level\":\"3\",\"public_link_key\":\"2pnjf\",\"ninjaForms\":\"Ninja Forms\",\"changeEmailErrorMsg\":\"Please enter a valid email address!\",\"changeDateErrorMsg\":\"Please enter a valid date!\",\"confirmFieldErrorMsg\":\"These fields must match!\",\"fieldNumberNumMinError\":\"Number Min Error\",\"fieldNumberNumMaxError\":\"Number Max Error\",\"fieldNumberIncrementBy\":\"Please increment by \",\"fieldTextareaRTEInsertLink\":\"Insert Link\",\"fieldTextareaRTEInsertMedia\":\"Insert Media\",\"fieldTextareaRTESelectAFile\":\"Select a file\",\"formErrorsCorrectErrors\":\"Please correct errors before submitting this form.\",\"formHoneypot\":\"If you are a human seeing this field, please leave it empty.\",\"validateRequiredField\":\"This is a required field.\",\"honeypotHoneypotError\":\"Honeypot Error\",\"fileUploadOldCodeFileUploadInProgress\":\"File Upload in Progress.\",\"fileUploadOldCodeFileUpload\":\"FILE UPLOAD\",\"currencySymbol\":\"&#36;\",\"fieldsMarkedRequired\":\"Fields marked with an <span class=\\\"ninja-forms-req-symbol\\\">*<\\\/span> are required\",\"thousands_sep\":\",\",\"decimal_point\":\".\",\"siteLocale\":\"en_GB\",\"dateFormat\":\"m\\\/d\\\/Y\",\"startOfWeek\":\"1\",\"of\":\"of\",\"previousMonth\":\"Previous Month\",\"nextMonth\":\"Next Month\",\"months\":[\"January\",\"February\",\"March\",\"April\",\"May\",\"June\",\"July\",\"August\",\"September\",\"October\",\"November\",\"December\"],\"monthsShort\":[\"Jan\",\"Feb\",\"Mar\",\"Apr\",\"May\",\"Jun\",\"Jul\",\"Aug\",\"Sep\",\"Oct\",\"Nov\",\"Dec\"],\"weekdays\":[\"Sunday\",\"Monday\",\"Tuesday\",\"Wednesday\",\"Thursday\",\"Friday\",\"Saturday\"],\"weekdaysShort\":[\"Sun\",\"Mon\",\"Tue\",\"Wed\",\"Thu\",\"Fri\",\"Sat\"],\"weekdaysMin\":[\"Su\",\"Mo\",\"Tu\",\"We\",\"Th\",\"Fr\",\"Sa\"],\"recaptchaConsentMissing\":\"reCaptcha validation couldn&#039;t load.\",\"recaptchaMissingCookie\":\"reCaptcha v3 validation couldn&#039;t load the cookie needed to submit the form.\",\"recaptchaConsentEvent\":\"Accept reCaptcha cookies before sending the form.\",\"currency_symbol\":\"\",\"beforeForm\":\"\",\"beforeFields\":\"\",\"afterFields\":\"\",\"afterForm\":\"\"};form.fields=[{\"objectType\":\"Field\",\"objectDomain\":\"fields\",\"editActive\":false,\"order\":1,\"idAttribute\":\"id\",\"label\":\"Personal Info\",\"type\":\"html\",\"default\":\"<h3>Personal Information<\\\/h3>\",\"container_class\":\"\",\"element_class\":\"\",\"key\":\"personal_info_1523911398130\",\"drawerDisabled\":\"\",\"field_label\":\"Personal Info\",\"field_key\":\"personal_info_1523911398130\",\"admin_label\":\"\",\"id\":13,\"beforeField\":\"\",\"afterField\":\"\",\"value\":\"<h3>Personal Information<\\\/h3>\",\"label_pos\":\"above\",\"parentType\":\"html\",\"element_templates\":[\"html\",\"input\"],\"old_classname\":\"\",\"wrap_template\":\"wrap\"},{\"objectType\":\"Field\",\"objectDomain\":\"fields\",\"editActive\":false,\"order\":2,\"idAttribute\":\"id\",\"label\":\"Name\",\"type\":\"firstname\",\"key\":\"name_1739205095882\",\"label_pos\":\"above\",\"required\":1,\"default\":\"\",\"placeholder\":\"\",\"container_class\":\"one-half first\",\"element_class\":\"\",\"admin_label\":\"\",\"help_text\":\"\",\"custom_name_attribute\":\"fname\",\"field_label\":\"First Name\",\"field_key\":\"firstname_1523911360962\",\"personally_identifiable\":1,\"value\":\"\",\"id\":14,\"beforeField\":\"\",\"afterField\":\"\",\"parentType\":\"firstname\",\"element_templates\":[\"firstname\",\"input\"],\"old_classname\":\"\",\"wrap_template\":\"wrap\"},{\"objectType\":\"Field\",\"objectDomain\":\"fields\",\"editActive\":false,\"order\":3,\"idAttribute\":\"id\",\"label\":\"Email\",\"type\":\"email\",\"key\":\"email_1523911364558\",\"label_pos\":\"above\",\"required\":1,\"default\":\"\",\"placeholder\":\"\",\"container_class\":\"\",\"element_class\":\"\",\"admin_label\":\"\",\"help_text\":\"\",\"custom_name_attribute\":\"email\",\"field_label\":\"Email\",\"field_key\":\"email_1523911364558\",\"personally_identifiable\":1,\"value\":\"\",\"id\":16,\"beforeField\":\"\",\"afterField\":\"\",\"parentType\":\"email\",\"element_templates\":[\"email\",\"input\"],\"old_classname\":\"\",\"wrap_template\":\"wrap\"},{\"objectType\":\"Field\",\"objectDomain\":\"fields\",\"editActive\":false,\"order\":4,\"idAttribute\":\"id\",\"label\":\"Phone\",\"type\":\"phone\",\"key\":\"phone_1523911366932\",\"label_pos\":\"above\",\"required\":1,\"default\":\"\",\"placeholder\":\"\",\"container_class\":\"\",\"element_class\":\"\",\"input_limit\":\"\",\"input_limit_type\":\"characters\",\"input_limit_msg\":\"Character(s) left\",\"manual_key\":\"\",\"admin_label\":\"\",\"help_text\":\"\",\"mask\":\"\",\"custom_mask\":\"\",\"custom_name_attribute\":\"phone\",\"field_label\":\"Phone\",\"field_key\":\"phone_1523911366932\",\"personally_identifiable\":1,\"value\":\"\",\"id\":17,\"beforeField\":\"\",\"afterField\":\"\",\"parentType\":\"textbox\",\"element_templates\":[\"tel\",\"textbox\",\"input\"],\"old_classname\":\"\",\"wrap_template\":\"wrap\"},{\"objectType\":\"Field\",\"objectDomain\":\"fields\",\"editActive\":false,\"order\":5,\"idAttribute\":\"id\",\"label\":\"Reference\",\"type\":\"textbox\",\"key\":\"reference_1739205204808\",\"label_pos\":\"above\",\"required\":1,\"default\":\"\",\"placeholder\":\"\",\"container_class\":\"\",\"element_class\":\"\",\"input_limit\":\"\",\"input_limit_type\":\"characters\",\"input_limit_msg\":\"verbleibende(s) Zeichen\",\"manual_key\":false,\"admin_label\":\"\",\"help_text\":\"\",\"mask\":\"\",\"custom_mask\":\"\",\"custom_name_attribute\":\"\",\"personally_identifiable\":\"\",\"value\":\"\",\"id\":36,\"beforeField\":\"\",\"afterField\":\"\",\"parentType\":\"textbox\",\"element_templates\":[\"textbox\",\"input\"],\"old_classname\":\"\",\"wrap_template\":\"wrap\"},{\"objectType\":\"Field\",\"objectDomain\":\"fields\",\"editActive\":false,\"order\":6,\"idAttribute\":\"id\",\"label\":\"Your message (optional)\",\"type\":\"textarea\",\"key\":\"your_message_optional_1739205282284\",\"label_pos\":\"above\",\"required\":false,\"default\":\"\",\"placeholder\":\"\",\"container_class\":\"\",\"element_class\":\"\",\"input_limit\":\"\",\"input_limit_type\":\"characters\",\"input_limit_msg\":\"verbleibende(s) Zeichen\",\"manual_key\":false,\"admin_label\":\"\",\"help_text\":\"\",\"textarea_rte\":\"\",\"disable_rte_mobile\":\"\",\"textarea_media\":\"\",\"value\":\"\",\"id\":37,\"beforeField\":\"\",\"afterField\":\"\",\"parentType\":\"textarea\",\"element_templates\":[\"textarea\",\"input\"],\"old_classname\":\"\",\"wrap_template\":\"wrap\"},{\"objectType\":\"Field\",\"objectDomain\":\"fields\",\"editActive\":false,\"order\":7,\"idAttribute\":\"id\",\"label\":\"Work permit\",\"type\":\"listcheckbox\",\"key\":\"work_permit_1739205564509\",\"label_pos\":\"above\",\"required\":1,\"options\":[{\"errors\":[],\"max_options\":0,\"label\":\"EU or work visa available\",\"value\":\"EU or work visa available\",\"calc\":\"\",\"selected\":0,\"order\":0,\"settingModel\":{\"settings\":false,\"hide_merge_tags\":false,\"error\":false,\"name\":\"options\",\"type\":\"option-repeater\",\"label\":\"Optionen <a href=\\\"#\\\" class=\\\"nf-add-new\\\">Erstellen<\\\/a> <a href=\\\"#\\\" class=\\\"extra nf-open-import-tooltip\\\"><i class=\\\"fa fa-sign-in\\\" aria-hidden=\\\"true\\\"><\\\/i> Importieren<\\\/a>\",\"width\":\"full\",\"group\":\"\",\"value\":[{\"label\":\"Eins\",\"value\":\"eins\",\"calc\":\"\",\"selected\":0,\"order\":0},{\"label\":\"Zwei\",\"value\":\"zwei\",\"calc\":\"\",\"selected\":0,\"order\":1},{\"label\":\"Drei\",\"value\":\"drei\",\"calc\":\"\",\"selected\":0,\"order\":2}],\"columns\":{\"label\":{\"header\":\"Beschriftung\",\"default\":\"\"},\"value\":{\"header\":\"Wert\",\"default\":\"\"},\"calc\":{\"header\":\"Berechneter Wert\",\"default\":\"\"},\"selected\":{\"header\":\"<span class=\\\"dashicons dashicons-yes\\\"><\\\/span>\",\"default\":0}}},\"manual_value\":true}],\"container_class\":\"\",\"element_class\":\"\",\"admin_label\":\"\",\"help_text\":\"\",\"id\":39,\"beforeField\":\"\",\"afterField\":\"\",\"value\":\"\",\"parentType\":\"list\",\"element_templates\":[\"listcheckbox\",\"input\"],\"old_classname\":\"list-checkbox\",\"wrap_template\":\"wrap\"},{\"objectType\":\"Field\",\"objectDomain\":\"fields\",\"editActive\":false,\"order\":8,\"idAttribute\":\"id\",\"label\":\"Age check\",\"type\":\"listcheckbox\",\"key\":\"age_check_1739205602138\",\"label_pos\":\"above\",\"required\":1,\"options\":[{\"errors\":[],\"max_options\":0,\"label\":\"I confirm that I am at least 18 years old.\",\"value\":\"I exist that I am at least 18 years old.\",\"calc\":\"\",\"selected\":0,\"order\":0,\"settingModel\":{\"settings\":false,\"hide_merge_tags\":false,\"error\":false,\"name\":\"options\",\"type\":\"option-repeater\",\"label\":\"Optionen <a href=\\\"#\\\" class=\\\"nf-add-new\\\">Erstellen<\\\/a> <a href=\\\"#\\\" class=\\\"extra nf-open-import-tooltip\\\"><i class=\\\"fa fa-sign-in\\\" aria-hidden=\\\"true\\\"><\\\/i> Importieren<\\\/a>\",\"width\":\"full\",\"group\":\"\",\"value\":[{\"label\":\"Eins\",\"value\":\"eins\",\"calc\":\"\",\"selected\":0,\"order\":0},{\"label\":\"Zwei\",\"value\":\"zwei\",\"calc\":\"\",\"selected\":0,\"order\":1},{\"label\":\"Drei\",\"value\":\"drei\",\"calc\":\"\",\"selected\":0,\"order\":2}],\"columns\":{\"label\":{\"header\":\"Beschriftung\",\"default\":\"\"},\"value\":{\"header\":\"Wert\",\"default\":\"\"},\"calc\":{\"header\":\"Berechneter Wert\",\"default\":\"\"},\"selected\":{\"header\":\"<span class=\\\"dashicons dashicons-yes\\\"><\\\/span>\",\"default\":0}}},\"manual_value\":true}],\"container_class\":\"\",\"element_class\":\"\",\"admin_label\":\"\",\"help_text\":\"\",\"id\":40,\"beforeField\":\"\",\"afterField\":\"\",\"value\":\"\",\"parentType\":\"list\",\"element_templates\":[\"listcheckbox\",\"input\"],\"old_classname\":\"list-checkbox\",\"wrap_template\":\"wrap\"},{\"objectType\":\"Field\",\"objectDomain\":\"fields\",\"editActive\":false,\"order\":9,\"idAttribute\":\"id\",\"label\":\"Privacy\",\"type\":\"listcheckbox\",\"key\":\"privacy_1739205635205\",\"label_pos\":\"above\",\"required\":1,\"options\":[{\"errors\":[],\"max_options\":0,\"label\":\"I agree that my submitted data will be collected and stored\",\"value\":\"I agree that my submitted data will be collected and stored\",\"calc\":\"\",\"selected\":0,\"order\":0,\"settingModel\":{\"settings\":false,\"hide_merge_tags\":false,\"error\":false,\"name\":\"options\",\"type\":\"option-repeater\",\"label\":\"Optionen <a href=\\\"#\\\" class=\\\"nf-add-new\\\">Erstellen<\\\/a> <a href=\\\"#\\\" class=\\\"extra nf-open-import-tooltip\\\"><i class=\\\"fa fa-sign-in\\\" aria-hidden=\\\"true\\\"><\\\/i> Importieren<\\\/a>\",\"width\":\"full\",\"group\":\"\",\"value\":[{\"label\":\"Eins\",\"value\":\"eins\",\"calc\":\"\",\"selected\":0,\"order\":0},{\"label\":\"Zwei\",\"value\":\"zwei\",\"calc\":\"\",\"selected\":0,\"order\":1},{\"label\":\"Drei\",\"value\":\"drei\",\"calc\":\"\",\"selected\":0,\"order\":2}],\"columns\":{\"label\":{\"header\":\"Beschriftung\",\"default\":\"\"},\"value\":{\"header\":\"Wert\",\"default\":\"\"},\"calc\":{\"header\":\"Berechneter Wert\",\"default\":\"\"},\"selected\":{\"header\":\"<span class=\\\"dashicons dashicons-yes\\\"><\\\/span>\",\"default\":0}}},\"manual_value\":true}],\"container_class\":\"\",\"element_class\":\"\",\"admin_label\":\"\",\"help_text\":\"\",\"drawerDisabled\":false,\"id\":41,\"beforeField\":\"\",\"afterField\":\"\",\"value\":\"\",\"parentType\":\"list\",\"element_templates\":[\"listcheckbox\",\"input\"],\"old_classname\":\"list-checkbox\",\"wrap_template\":\"wrap\"},{\"objectType\":\"Field\",\"objectDomain\":\"fields\",\"editActive\":false,\"order\":12,\"idAttribute\":\"id\",\"type\":\"submit\",\"label\":\"Submit\",\"processing_label\":\"Processing\",\"container_class\":\"\",\"element_class\":\"\",\"key\":\"submit_1523911429754\",\"field_label\":\"Submit\",\"field_key\":\"submit_1523911429754\",\"admin_label\":\"\",\"id\":35,\"beforeField\":\"\",\"afterField\":\"\",\"value\":\"\",\"label_pos\":\"above\",\"parentType\":\"textbox\",\"element_templates\":[\"submit\",\"button\",\"input\"],\"old_classname\":\"\",\"wrap_template\":\"wrap-no-label\"}];nfForms.push(form);<\/script>\n            <\/div>\n<\/div>\n<!-- \/module text -->        <\/div>\n                        <\/div>\n        <\/div>\n        <\/div>\n<!--\/themify_builder_content-->","protected":false},"excerpt":{"rendered":"<p>Jobs<\/p>","protected":false},"author":1,"featured_media":0,"parent":0,"menu_order":0,"comment_status":"closed","ping_status":"closed","template":"","meta":{"_acf_changed":false,"footnotes":""},"class_list":["post-5916","page","type-page","status-publish","hentry","has-post-title","has-post-date","has-post-category","has-post-tag","has-post-comment","has-post-author",""],"acf":[],"yoast_head":"<!-- This site is optimized with the Yoast SEO plugin v24.9 - https:\/\/yoast.com\/wordpress\/plugins\/seo\/ -->\n<title>Jobs - Angels<\/title>\n<meta name=\"description\" content=\"W\u00fcrdest du gern unsere auserlesenen G\u00e4ste in unseren neuen Club, im Herzen von Berlin unterhalten und willkommen hei\u00dfen?\" \/>\n<meta name=\"robots\" content=\"index, follow, max-snippet:-1, max-image-preview:large, max-video-preview:-1\" \/>\n<link rel=\"canonical\" href=\"https:\/\/angels-berlin.com\/en\/jobs-im-angels-club\/\" \/>\n<meta property=\"og:locale\" content=\"en_GB\" \/>\n<meta property=\"og:type\" content=\"article\" \/>\n<meta property=\"og:title\" content=\"Jobs - Angels\" \/>\n<meta property=\"og:description\" content=\"W\u00fcrdest du gern unsere auserlesenen G\u00e4ste in unseren neuen Club, im Herzen von Berlin unterhalten und willkommen hei\u00dfen?\" \/>\n<meta property=\"og:url\" content=\"https:\/\/angels-berlin.com\/en\/jobs-im-angels-club\/\" \/>\n<meta property=\"og:site_name\" content=\"Angels\" \/>\n<meta property=\"article:modified_time\" content=\"2025-03-04T17:49:49+00:00\" \/>\n<meta property=\"og:image\" content=\"https:\/\/angels-berlin.com\/wp-content\/uploads\/2021\/09\/Jobs-01.jpg\" \/>\n\t<meta property=\"og:image:width\" content=\"1000\" \/>\n\t<meta property=\"og:image:height\" content=\"1000\" \/>\n\t<meta property=\"og:image:type\" content=\"image\/jpeg\" \/>\n<meta name=\"twitter:card\" content=\"summary_large_image\" \/>\n<script type=\"application\/ld+json\" class=\"yoast-schema-graph\">{\"@context\":\"https:\/\/schema.org\",\"@graph\":[{\"@type\":\"WebPage\",\"@id\":\"https:\/\/angels-berlin.com\/de\/jobs-im-angels-club\/\",\"url\":\"https:\/\/angels-berlin.com\/de\/jobs-im-angels-club\/\",\"name\":\"Jobs - Angels\",\"isPartOf\":{\"@id\":\"http:\/\/angels-berlin.com\/de\/#website\"},\"datePublished\":\"2021-10-31T20:16:23+00:00\",\"dateModified\":\"2025-03-04T17:49:49+00:00\",\"description\":\"W\u00fcrdest du gern unsere auserlesenen G\u00e4ste in unseren neuen Club, im Herzen von Berlin unterhalten und willkommen hei\u00dfen?\",\"breadcrumb\":{\"@id\":\"https:\/\/angels-berlin.com\/de\/jobs-im-angels-club\/#breadcrumb\"},\"inLanguage\":\"en-GB\",\"potentialAction\":[{\"@type\":\"ReadAction\",\"target\":[\"https:\/\/angels-berlin.com\/de\/jobs-im-angels-club\/\"]}]},{\"@type\":\"BreadcrumbList\",\"@id\":\"https:\/\/angels-berlin.com\/de\/jobs-im-angels-club\/#breadcrumb\",\"itemListElement\":[{\"@type\":\"ListItem\",\"position\":1,\"name\":\"Startseite\",\"item\":\"https:\/\/angels-berlin.com\/\"},{\"@type\":\"ListItem\",\"position\":2,\"name\":\"Jobs\"}]},{\"@type\":\"WebSite\",\"@id\":\"http:\/\/angels-berlin.com\/de\/#website\",\"url\":\"http:\/\/angels-berlin.com\/de\/\",\"name\":\"Angels\",\"description\":\"\",\"potentialAction\":[{\"@type\":\"SearchAction\",\"target\":{\"@type\":\"EntryPoint\",\"urlTemplate\":\"http:\/\/angels-berlin.com\/de\/?s={search_term_string}\"},\"query-input\":{\"@type\":\"PropertyValueSpecification\",\"valueRequired\":true,\"valueName\":\"search_term_string\"}}],\"inLanguage\":\"en-GB\"}]}<\/script>\n<!-- \/ Yoast SEO plugin. -->","yoast_head_json":{"title":"Jobs - Angels","description":"W\u00fcrdest du gern unsere auserlesenen G\u00e4ste in unseren neuen Club, im Herzen von Berlin unterhalten und willkommen hei\u00dfen?","robots":{"index":"index","follow":"follow","max-snippet":"max-snippet:-1","max-image-preview":"max-image-preview:large","max-video-preview":"max-video-preview:-1"},"canonical":"https:\/\/angels-berlin.com\/en\/jobs-im-angels-club\/","og_locale":"en_GB","og_type":"article","og_title":"Jobs - Angels","og_description":"W\u00fcrdest du gern unsere auserlesenen G\u00e4ste in unseren neuen Club, im Herzen von Berlin unterhalten und willkommen hei\u00dfen?","og_url":"https:\/\/angels-berlin.com\/en\/jobs-im-angels-club\/","og_site_name":"Angels","article_modified_time":"2025-03-04T17:49:49+00:00","og_image":[{"width":1000,"height":1000,"url":"https:\/\/angels-berlin.com\/wp-content\/uploads\/2021\/09\/Jobs-01.jpg","type":"image\/jpeg"}],"twitter_card":"summary_large_image","schema":{"@context":"https:\/\/schema.org","@graph":[{"@type":"WebPage","@id":"https:\/\/angels-berlin.com\/de\/jobs-im-angels-club\/","url":"https:\/\/angels-berlin.com\/de\/jobs-im-angels-club\/","name":"Jobs - Angels","isPartOf":{"@id":"http:\/\/angels-berlin.com\/de\/#website"},"datePublished":"2021-10-31T20:16:23+00:00","dateModified":"2025-03-04T17:49:49+00:00","description":"W\u00fcrdest du gern unsere auserlesenen G\u00e4ste in unseren neuen Club, im Herzen von Berlin unterhalten und willkommen hei\u00dfen?","breadcrumb":{"@id":"https:\/\/angels-berlin.com\/de\/jobs-im-angels-club\/#breadcrumb"},"inLanguage":"en-GB","potentialAction":[{"@type":"ReadAction","target":["https:\/\/angels-berlin.com\/de\/jobs-im-angels-club\/"]}]},{"@type":"BreadcrumbList","@id":"https:\/\/angels-berlin.com\/de\/jobs-im-angels-club\/#breadcrumb","itemListElement":[{"@type":"ListItem","position":1,"name":"Startseite","item":"https:\/\/angels-berlin.com\/"},{"@type":"ListItem","position":2,"name":"Jobs"}]},{"@type":"WebSite","@id":"http:\/\/angels-berlin.com\/de\/#website","url":"http:\/\/angels-berlin.com\/de\/","name":"Angels","description":"","potentialAction":[{"@type":"SearchAction","target":{"@type":"EntryPoint","urlTemplate":"http:\/\/angels-berlin.com\/de\/?s={search_term_string}"},"query-input":{"@type":"PropertyValueSpecification","valueRequired":true,"valueName":"search_term_string"}}],"inLanguage":"en-GB"}]}},"builder_content":"<h1 style=\"text-align: center;\">Jobs<\/h1>\n<h2>T\u00e4nzerinnen<\/h2> <p>W\u00fcrdest du gern unsere auserlesenen G\u00e4ste in unseren neuen Club, im Herzen von Berlin unterhalten und willkommen hei\u00dfen? Wir veranstalten regelm\u00e4\u00dfig Castings in unseren Club in der Sch\u00f6nhauser Allee 5 in Mitte \/ Prenzlauer Berg an der U-Bahnstation U2 Rosa Luxemburg Platz.<br \/> Es ist nicht erforderlich, dass Du Erfahrung in diesem Bereich hast, entscheidend ist eine selbstsicherere, offene Pers\u00f6nlichkeit.<br \/> Unsere T\u00e4nzerinnen sind auf selbstst\u00e4ndiger Basis t\u00e4tig, in einer geschmackvollen und sicheren Umgebung, mit sehr gut ausgestatteten Nebenr\u00e4umen.<br \/> Wir freuen uns darauf dich kennenzulernen!<br \/> Kontaktiere uns entweder im Kontaktfeld oder Ruf uns einfach an.<\/p>\n<p>Hier geht es zu unserm internen <strong><a href=\"http:\/\/messenger.angels-berlin.com\/\">Messenger...<\/a><\/strong><\/p>\n<p>[ninja_form id='2']<\/p>","_links":{"self":[{"href":"https:\/\/angels-berlin.com\/en\/wp-json\/wp\/v2\/pages\/5916","targetHints":{"allow":["GET"]}}],"collection":[{"href":"https:\/\/angels-berlin.com\/en\/wp-json\/wp\/v2\/pages"}],"about":[{"href":"https:\/\/angels-berlin.com\/en\/wp-json\/wp\/v2\/types\/page"}],"author":[{"embeddable":true,"href":"https:\/\/angels-berlin.com\/en\/wp-json\/wp\/v2\/users\/1"}],"replies":[{"embeddable":true,"href":"https:\/\/angels-berlin.com\/en\/wp-json\/wp\/v2\/comments?post=5916"}],"version-history":[{"count":8,"href":"https:\/\/angels-berlin.com\/en\/wp-json\/wp\/v2\/pages\/5916\/revisions"}],"predecessor-version":[{"id":25461,"href":"https:\/\/angels-berlin.com\/en\/wp-json\/wp\/v2\/pages\/5916\/revisions\/25461"}],"wp:attachment":[{"href":"https:\/\/angels-berlin.com\/en\/wp-json\/wp\/v2\/media?parent=5916"}],"curies":[{"name":"wp","href":"https:\/\/api.w.org\/{rel}","templated":true}]}}